{"id":28998,"date":"2021-03-05T15:52:58","date_gmt":"2021-03-05T14:52:58","guid":{"rendered":"https:\/\/hist-geol-unil.ch\/?page_id=28998"},"modified":"2022-02-01T11:29:00","modified_gmt":"2022-02-01T10:29:00","slug":"heli-badoux","status":"publish","type":"page","link":"https:\/\/hist-geol-unil.ch\/en\/personnes\/heli-badoux\/","title":{"rendered":"Badoux H\u00e9li"},"content":{"rendered":"<div data-elementor-type=\"wp-page\" data-elementor-id=\"28998\" class=\"elementor elementor-28998\">\n\t\t\t\t\t\t<section class=\"elementor-section elementor-top-section elementor-element elementor-element-416bf02 elementor-section-boxed elementor-section-height-default elementor-section-height-default\" data-id=\"416bf02\" data-element_type=\"section\" data-e-type=\"section\">\n\t\t\t\t\t\t<div class=\"elementor-container elementor-column-gap-default\">\n\t\t\t\t\t<div class=\"elementor-column elementor-col-100 elementor-top-column elementor-element elementor-element-0cd3c50\" data-id=\"0cd3c50\" data-element_type=\"column\" data-e-type=\"column\">\n\t\t\t<div class=\"elementor-widget-wrap elementor-element-populated\">\n\t\t\t\t\t\t<div class=\"elementor-element elementor-element-0baff52 elementor-widget elementor-widget-image\" data-id=\"0baff52\" data-element_type=\"widget\" data-e-type=\"widget\" data-widget_type=\"image.default\">\n\t\t\t\t<div class=\"elementor-widget-container\">\n\t\t\t\t\t\t\t\t\t\t\t\t<figure class=\"wp-caption\">\n\t\t\t\t\t\t\t\t\t\t\t<a href=\"https:\/\/hist-geol-unil.ch\/wp-content\/uploads\/2022\/02\/Capture-de\u0301cran-2022-02-01-a\u0300-11.12.03.png\" data-elementor-open-lightbox=\"yes\" data-elementor-lightbox-title=\"H\u00e9lie Badoux, 1969\" data-e-action-hash=\"#elementor-action%3Aaction%3Dlightbox%26settings%3DeyJpZCI6MzIyNTEsInVybCI6Imh0dHBzOlwvXC9oaXN0LWdlb2wtdW5pbC5jaFwvd3AtY29udGVudFwvdXBsb2Fkc1wvMjAyMlwvMDJcL0NhcHR1cmUtZGVcdTAzMDFjcmFuLTIwMjItMDItMDEtYVx1MDMwMC0xMS4xMi4wMy5wbmcifQ%3D%3D\">\n\t\t\t\t\t\t\t<img fetchpriority=\"high\" decoding=\"async\" width=\"604\" height=\"842\" src=\"https:\/\/hist-geol-unil.ch\/wp-content\/uploads\/2022\/02\/Capture-de\u0301cran-2022-02-01-a\u0300-11.12.03.png\" class=\"attachment-medium_large size-medium_large wp-image-32251\" alt=\"\" srcset=\"https:\/\/hist-geol-unil.ch\/wp-content\/uploads\/2022\/02\/Capture-de\u0301cran-2022-02-01-a\u0300-11.12.03.png 604w, https:\/\/hist-geol-unil.ch\/wp-content\/uploads\/2022\/02\/Capture-de\u0301cran-2022-02-01-a\u0300-11.12.03-215x300.png 215w, https:\/\/hist-geol-unil.ch\/wp-content\/uploads\/2022\/02\/Capture-de\u0301cran-2022-02-01-a\u0300-11.12.03-9x12.png 9w, https:\/\/hist-geol-unil.ch\/wp-content\/uploads\/2022\/02\/Capture-de\u0301cran-2022-02-01-a\u0300-11.12.03-17x24.png 17w, https:\/\/hist-geol-unil.ch\/wp-content\/uploads\/2022\/02\/Capture-de\u0301cran-2022-02-01-a\u0300-11.12.03-26x36.png 26w, https:\/\/hist-geol-unil.ch\/wp-content\/uploads\/2022\/02\/Capture-de\u0301cran-2022-02-01-a\u0300-11.12.03-34x48.png 34w\" sizes=\"(max-width: 604px) 100vw, 604px\" \/>\t\t\t\t\t\t\t\t<\/a>\n\t\t\t\t\t\t\t\t\t\t\t<figcaption class=\"widget-image-caption wp-caption-text\">Masson, Henri. \"H\u00e9li Badoux (1911-2001): biography and geological work\". Text\/html,application\/pdf, 2003. https:\/\/doi.org\/10.5169\/SEALS-281433.<\/figcaption>\n\t\t\t\t\t\t\t\t\t\t<\/figure>\n\t\t\t\t\t\t\t\t\t<\/div>\n\t\t\t\t<\/div>\n\t\t\t\t<div class=\"elementor-element elementor-element-49d3240 elementor-widget elementor-widget-text-editor\" data-id=\"49d3240\" data-element_type=\"widget\" data-e-type=\"widget\" data-widget_type=\"text-editor.default\">\n\t\t\t\t<div class=\"elementor-widget-container\">\n\t\t\t\t\t\t\t\t\t<h4>Biography<\/h4><ul><li>Born on May 7, 1911 in Lausanne.<\/li><li>Native of Cremin (VD).<\/li><li>Baccalaureate or Matura: sciences (Lausanne, 1930).<\/li><li>Bachelor's degree or equivalent diploma: earth sciences (Lausanne, 1934).<\/li><li>Doctorate: sciences (Lausanne, 1942 [La G\u00e9ologie de la zone des cols entre la Sarine et le Hahnenmoos. Ben 1945, X+ 70 p.]).<\/li><\/ul><p>Career outside UNIL<\/p><ul><li>Geologist, Iraq Petroleum &amp; Co. (1936-1941)<\/li><li>Geologist, Swiss Mining Office (1941-1946)<\/li><li>Geologist, Soci\u00e9t\u00e9 g\u00e9n\u00e9rale de recherche de p\u00e9trole, Algeria (1946-1950: visiting professor of geology, University of California, Los Angeles (1966-1966)).<\/li><\/ul><p>Career at UNIL<\/p><ul><li>Extraordinary professor (1950-1958), then ordinary professor of geology (1958-1975).<\/li><li>Direction of laboratories: Laboratory of Geology and Paleontology (1950-1966), becomes Institute of Geology and Paleontology (IGP) (1966-1975), Laboratory of Hydrogeology of the Institute of Geology which disappears in 1983 (1970-1983).<\/li><li>Academic position: Dean of the Faculty of Science (1958-1960). Predecessor: Elie GAGNEBIN (1949). Successor: Arthur ESCHER (1975). Departure: retirement (1975). Honorary membership: in 1975. Societies: Acad\u00e9mie Teatina (Belgium)<\/li><li>American Association of Petrological Geology<\/li><li>Swiss Association of Petroleum Geologists<\/li><li>Swiss Geological Survey (1952-1980)<\/li><li>Geotechnical Commission (1963-1977)<\/li><li>Geological Society of France, corresponding member (1965)<\/li><li>Swiss Geological Society, President (1959-1960)<\/li><li>Swiss Society of Natural Sciences<\/li><li>Soci\u00e9t\u00e9 vaudoise des sciences naturelles, president (1953-1954). Professional commission: Swiss Geological Commission.<\/li><\/ul><p>\u00a0<\/p><p><em>References: UNILausanne 1975, n\u00b0 16, pp. 42-43.<\/em><\/p>\t\t\t\t\t\t\t\t<\/div>\n\t\t\t\t<\/div>\n\t\t\t\t<div class=\"elementor-element elementor-element-57b07e3 elementor-widget elementor-widget-heading\" data-id=\"57b07e3\" data-element_type=\"widget\" data-e-type=\"widget\" data-widget_type=\"heading.default\">\n\t\t\t\t<div class=\"elementor-widget-container\">\n\t\t\t\t\t<h2 class=\"elementor-heading-title elementor-size-default\">Publications<\/h2>\t\t\t\t<\/div>\n\t\t\t\t<\/div>\n\t\t\t\t\t<\/div>\n\t\t<\/div>\n\t\t\t\t\t<\/div>\n\t\t<\/section>\n\t\t\t\t<section class=\"elementor-section elementor-top-section elementor-element elementor-element-2a97d9e elementor-section-boxed elementor-section-height-default elementor-section-height-default\" data-id=\"2a97d9e\" data-element_type=\"section\" data-e-type=\"section\">\n\t\t\t\t\t\t<div class=\"elementor-container elementor-column-gap-default\">\n\t\t\t\t\t<div class=\"elementor-column elementor-col-100 elementor-top-column elementor-element elementor-element-1ef96ae\" data-id=\"1ef96ae\" data-element_type=\"column\" data-e-type=\"column\">\n\t\t\t<div class=\"elementor-widget-wrap elementor-element-populated\">\n\t\t\t\t\t\t<div class=\"elementor-element elementor-element-bde0991 elementor-widget elementor-widget-text-editor\" data-id=\"bde0991\" data-element_type=\"widget\" data-e-type=\"widget\" data-widget_type=\"text-editor.default\">\n\t\t\t\t<div class=\"elementor-widget-container\">\n\t\t\t\t\t\t\t\t\t<div class=\"page\" title=\"Page 16\"><div class=\"layoutArea\"><div class=\"column\"><p>1.-Bersier A. and Badoux H., 1937. A sub-desert eolian formation in the Siderolithic of Mormont (Vaud). Eclogae geol. Helv. 30\/2:231-234.<\/p><p>2-Badoux H., 1945. The geology of the pass area between the Sarine and the Hahnenmoos. Mater. Carte g\u00e9ol. Switzerland [N.S.] 84. 70 p.<\/p><p>3-Badoux H., 1946. The Ultrahelvetic to the north of the Valaisan Rhone. Mater. Carte g\u00e9ol. Switzerland [N.S.] 85. 56 p.<\/p><p>4-Badoux H., 1951. Oil in the Middle East. Perspectives 7\/6: 21-28.<br \/>5 -Badoux H. and Norbert J., 1952. An Ultrahelvetic window in the median Prealps of the Chablais (Vacheresse region). Bull. Soc. vaud. Se. nat. 65 (281): 317-321, and Bull. Lab. Geol. Univ. Lausanne<\/p><p>104.<br \/>6-Badoux H., 1953. Maurice Lugeon 1870-1953. Actes Soc. helv. Se. nat.<\/p><p>7953:327-341.<br \/>7-Badoux H. and Tr\u00fcmpy R., 1953. The geology of the Lullin Mountain.<\/p><p>(Median Prealps of Chablais). Bull. Soc. vaud. Se. nat. 65 (284):<\/p><p>461-470, and Bull. Lab. Geol. Univ. Lausanne 107.<\/p><p>8-Badoux H., 1954a. An example of authigenic quartz development in the Pre-Alpine Flysch. Bull. Soc. vaud. Se. nat. 65 (285): 481- 488, and Bull. Lab. Geol. Univ. Lausanne 108.<\/p><p>9-Badoux H., 1954b. The geology of the surroundings of Plan N\u00e9v\u00e9. Rev. alp. intern. 7: 10-16.<\/p><p>IO.-Badoux H., 1954c. Emmanuel de Margerie 1862-1953. Actes Soc. helv. Se. nat. 1954: 347-348.<\/p><p>11 -Furrer H., Badoux H., Huber K. and von Tavel H., 1956. Gemmi sheet. Geological Atlas of Switzerland 1:25000. Switzerland 1:25000, Comm. geol. Switzerland.<\/p><p>12.-Aubert D. and Badoux H., 1956. Explanatory note Sheet 1 Neuch\u00e2tel. General geological map. Switzerland 1:200'000. Comm. geol. Switzerland.<\/p><div class=\"page\" title=\"Page 17\"><div class=\"layoutArea\"><div class=\"column\"><p>13.-Badoux H. and Guigon Y., 1958. Presence of the Cenomanian Flysch of the Simme in the Valaisan Prealps. Eclogae geol. Helv. 51\/2: 380-385.<\/p><p>14-Badoux H. and de Weisse G., 1959. The siliceous bauxites of Dr\u00e9veneuse. Bull. Soc. vaud. Se. nat. 67.4: 169-177, and Bull. Lab. Geol. Univ. Lausanne 126.<\/p><p>15,-Badoux H., Bonnard E.G., Burri M. and Vischer A., 1959. Feuille St. L\u00e9onard. Atlas g\u00e9ol. Switzerland l:25'000. Comm. geol. Switzerland.<\/p><p>16-Badoux H., Bonnard E.G. and Burri M., 1959. Explanatory note Feuille St-L\u00e9onard. Atlas g\u00e9ol. Switzerland 1:25'000. Comm. geol. Switzerland.<\/p><p>17-Badoux H., Chessex R., Jeannet A., Lugeon M. and Rivier F., 1960. Feuille Monthey. Atlas g\u00e9ol. Switzerland 1:25'000. Comm. geol. Switzerland.<\/p><p>18-Badoux H., 1960a. Explanatory note Feuille Monthey. Atlas g\u00e9ol. Switzerland 1:25'000. Comm. geol. Switzerland.<\/p><p>19-Badoux H., 1960b. Speech by Mr. H\u00e9li Badoux, professor at the Faculty of Science. Pubi. Univ. Lausanne 21: 19-23.<\/p><p>20-Badoux H. and Fairbridge R.W., 1960. Slump blocks in the Cretaceous of northern Syria. Proc. Geol. Soc. London 1581: 113-117.<\/p><p>21.-Badoux H., 1961. Jean Tercier 1899-1961. Actes Soc. helv. Sc. nat.: 263- 265.<\/p><p>22-Badoux H., 1962a. Geology of the Valaisan Prealps (left bank of the Rh\u00f4ne). Mater. Carte g\u00e9ol. Switzerland [N.S.] 113. 86 p.<\/p><p>23-Badoux H., 1962b. The geology of the St. Triphon hills. Bull. Soc. vaud. Se. nat. 68.1: 35-48, and Bull. Lab. Geol. Univ. Lausanne 133.<\/p><p>24,-Badoux H., 1962. Charles Jacob (1878-1962). Bull. Soc. vaud. Se. nat. 68.4: 186.<\/p><p>25-Badoux H. and Mercanton Ch.-h., 1962. Essai sur l'\u00e9volution tectonique des Pr\u00e9alpes m\u00e9dianes du Chablais. Eclogae Geol. Helv. 55\/1: 135-<\/p><p>188.<br \/>26-Badoux H., Gagnebin E., Lombard A., McConnell R.B., de Raaf M.,<\/p><p>Schaub H.-P. and Vischer A., 1962. Lenk sheet. Geological atlas. Switzerland 1:25'000. Geological Comm. Switzerland.<\/p><p>27-Badoux H. and Lombard A., 1962. Explanatory note Feuille Lenk. Geological Atlas. Switzerland 1:25'000. Comm. geol. Switzerland.<\/p><p>28-Badoux H., 1963a. Apropos des Pr\u00e9alpes du Chablais. Paul Fallot II book. M\u00e9m. Soc. g\u00e9ol. France: 379-382.<\/p><p>29-Badoux H., 1963b. Le Trias des Pr\u00e9alpes. Colloque sur le Trias de la France et des r\u00e9gions limitrophes. M\u00e9m. B.R.G.M. 15: 397-400.<\/p><p>30-Badoux H., 1963c. The ultrahelvetic units of the Zone des Cols. Eclogae geol. Helv. 56\/1: 1-13.<\/p><div class=\"page\" title=\"Page 18\"><div class=\"layoutArea\"><div class=\"column\"><p>31.-Badoux H., 1963d: Les b\u00e9lemnites tron\u00e7onn\u00e9es de Leytron (Valais). Bull. Soc. vaud. se. nat. 68.6: 233-239, and Bull. Lab. Geol. Univ. Lausanne 138.<\/p><p>32-Badoux H., 1963e. Geological structure of the Waldensian Alps. Les Alpes (Rev. Club Alpin Suisse): 197-199.<\/p><p>33-Badoux H. and Weidmann M., 1963. On the age of the Helminthoid Flysch of the French and Chablais Prealps. Eclogae geol. Helv. 56\/2: 513-528.<\/p><p>34-Badoux H. and Weidmann M., 1964. On the age of the Bex saliferous series (Ultrahelvetic). Bull. Soc. vaud. Se. nat. 68.9: 427-438, and Bull. Lab. Geol. Univ. Lausanne 148.<\/p><p>35-Badoux H., 1965a. The relationship of the Ultrahelvetic and Median Prealps in the Grande Eau Valley. Eclogae geol. Helv. 58\/1:<\/p><p>11-16.<br \/>36.-BADOUX H., 1965b. Feuille Thonon-Ch\u00e2tel. Carte g\u00e9ol. France 1:50'000,<\/p><p>XXXV-28, and explanatory note. Serv. Carte g\u00e9ol. France, Paris. 37-Badoux H., 1965c. Feuille 1264 Montreux. Atlas g\u00e9ol. Switzerland 1:25'000.<\/p><p>Comm. geol. Switzerland.<br \/>38-Badoux H., 1965d. Explanatory note Sheet 1264 Montreux. Atlas g\u00e9ol.<\/p><p>Switzerland 1:25'000. Geological Comm. Switzerland.<br \/>39-Badoux H., 1965e. Deformation of the Lower Lias of the Wildhorn nappe.<\/p><p>in Dr\u00f4ne (Valais). Eclogae geol. Helv. 58\/2: 999-1001.<\/p><p>40-Badoux H., 1966. Geological description of the Mines and Saltworks of Bex and their surroundings. Mater. G\u00e9ol. Suisse, S\u00e9r. g\u00e9otech. 4L 56 p.<\/p><p>41.-Ayrton S. and Badoux H., 1966. Preliminary note on the deformation of rocks in the vicinity of Martigny (Valais). Bull. Soc. vaud. Se. nat. 69.4: 205-213, and Bull. Lab. Geol. Univ. Lausanne 161.<\/p><p>42-Badoux H., 1967a. Of some sedimentary and gravitational phenomena related to orogenies. Eclogae geol. Helv. 60\/2: 399-406.<\/p><p>43-Badoux H., 1967b. Geology of Switzerland. In Lombard A. (Ed.): Guide geol. Switzerland 1, Wepf, Basel. 44 p.<\/p><p>44-Badoux H., Bersier A. and Vuagnat M., 1967. Excursion No 5 Lausanne-<\/p><p>Montreux-Aigle-Monthey-Martigny. In Lombard A. (Ed.): Guide g\u00e9ol. Switzerland 2, Wepf, Basel: 86-94.<\/p><p>45-Badoux H., Burri M., Lanterno E. and Vuagnat M., 1967. Excursion No. 6 Thonon - Col du Corbier - Abondance - Morgins - Troistorrent. In Lombard A. (Ed.): Guide g\u00e9ol. Switzerland 2, Wepf, Basel: 95-108.<\/p><p>46-Badoux H., Baer A., Burri M. and Vuagnat M., 1967. Excursion no 8 Martigny - Leytron - Riddes - Sion - Sierre - Brig. In Lombard A. (Ed.). Guide g\u00e9ol. Suisse 3, Wepf, Basel: 127-138.<\/p><div class=\"page\" title=\"Page 19\"><div class=\"layoutArea\"><div class=\"column\"><p>47-Badoux H. and Lombard A., 1967. Excursion no. 12 Spiez - Saanen - Ch\u00e2teau-d'Oex - Les Mosses - Aigle. In Lombard A. (Ed.). Guide g\u00e9ol. Suisse 3, Wepf, Basel: 174-189.<\/p><p>48-Badoux H., 1968. Remarks on the morphology of the Colorado Plateau. Bull. Soc. vaud. Se. nat. 70.1: 1-10, and Bull. Lab. Geol. Univ. Lausanne 170.<\/p><p>49-Badoux H., 1969. Reflections and hypotheses about the Alpine-Dinaric boundary. Eclogae geol. Helv. 62\/2: 543-545.<\/p><p>50-Badoux H., 1970a. The Klippes Niesen of the Chamossaire (Vaud Alps). Bull. Soc. vaud. Se. nat. 70.7: 321-326 and Bull. Lab.<\/p><p>Geol. Univ. Lausanne 181.<br \/>51.-Badoux H., 1970b. The deformed oolites of the V\u00e9lar (Morcles massif).<\/p><p>Eclogae geol. Helv. 63\/2: 539-548.<br \/>52-Badoux H., 1971a. Illustrated encyclopedia of the Pays de Vaud. Volume 2: Une<\/p><p>earth, its origins, its regions. Ch. I: Geological times. Ch. II: The birth of the Alps: 1-29.<\/p><p>53,-Badoux H., 1971b. Explanatory note Sheet 1305 D'de Morcles (2nd ed.). Atlas g\u00e9ol. Switzerland 1:25'000. Comm. geol. Switzerland.<\/p><p>54-Badoux H., Burri M., Gabus J.-H., Krummenacher D., Loup G. and Sublet P., 1971. Feuille 1305 D1 de Morcles (2nd ed.). Atlas g\u00e9ol. Switzerland 1:25'000. Comm. geol. Switzerland.<\/p><p>55.-Badoux H., 1972. Tectonics of the Morcles nappe between the Rh\u00f4ne and Lizerne. Mater. Carte g\u00e9ol. Switzerland [N.S.] 143. 78 p.<\/p><p>56-Badoux H., 1973. Anzeinde and its surroundings, geological overview. M\u00e9m. Soc. vaud. se. nat. 15\/3: 125-138.<\/p><p>57-Zahner P., Mautner J. and Badoux H., 1974. Hydrogeological study of the thermomineral springs of Lavey, Yverdon and Saxon. Mem.<\/p><p>Soc. vaud. se. nat. 15\/5: 209-256.<br \/>58-Vernet J-P, Horn R., Badoux H. and Solari G., 1974. Structural study<\/p><p>of Lake Geneva by continuous seismic reflection. Eclogae geol. Helv.<\/p><p>67\/3: 515-530.<\/p><p>59-Badoux H., 1975. The detrital Urgonian of the village of Les Diablerets. Eclogae geol. Helv. 68\/2: 281-284.<\/p><p>60-Badoux H., 1977a. The geological work of Nicolas Oulianoff. Bull. Soc. vaud. Se. nat. 73.4: 418-443, and Bull. Lab. Geol. Univ. Lausanne 226.<\/p><p>61.-Badoux H., 1977b. Geological overview of the surroundings of St. Maurice. In Les fortifications de Saint-Maurice, pourquoi? Assoc. Saint Maurice pour la recherche de documents sur la forteresse: 54-56.<\/p><p>62-Badoux H. and Homewood P., 1978. The bedrock of the<\/p><p>Niesen in the S\u00e9pey region (Alpes vaudoises). Bull. Soc. vaud. Se. nat. 74.1: 15-23, and Bull. Lab. Geol. Univ. Lausanne 228.<\/p><div class=\"page\" title=\"Page 20\"><div class=\"layoutArea\"><div class=\"column\"><p>63-Wildberger A., Badoux H. and Nabholz W., 1978. Zur Karst-Hydrologie im Gebiet des Rawilpasses (Berner Oberland und Wallis). Eclogae geol. Helv. 71\/2: 277-292.<\/p><p>64.-Aubert D., Badoux H. and Lavanchy Y, 1979. The structural map and sources of the Vaud Jura. Bull. Soc. vaud. Sc. nat. 74.4: 333-343, and Bull. Lab. Geol. Univ. Lausanne 245.<\/p><p>65.-Weidmann M. and Badoux H., 1979. Arnold Bersier (1906-1978). Biographical note. Bull. Soc. vaud. Sc. nat. 74.4: 345-355, and Bull. Lab. Geol. Univ. Lausanne 244.<\/p><p>66-Badoux H., 1979. Overview of the geology of the Pont-de-Nant area. In Bex - Pont de Nant, 159th Assembl. Soc. helv. Se. nat., Lausanne: 17-23.<\/p><p>67-Badoux H., Brodbeck J.-F. and Lavanchy Y, 1980. Hydrogeological study of the Haute-Mentue. M\u00e9m. Soc. vaud. Se. nat. 16.2: 41-88, and Bull.<\/p><p>Lab. Geol. Univ. Lausanne 246.<br \/>68- Badoux H., 1980. The salt mines of Bex and their minerals - Die<\/p><p>Salzminen von Bex und ihre Mineralien. The Swiss crystal maker<\/p><p>(Schweizer Strahler) 5\/8: 305-319.<br \/>69-Badoux. H, 1981. Geology of the Bex Mines, Data 1966-1980.<\/p><p>Mater. Geol. Switzerland, Ser. Geotech. 60. 39 p.<br \/>70-Badoux H., 1982a. Zeuzier events and the sounding gallery.<\/p><p>of Rawyl RN6. Bull, techn. Suisse romande 12\/82: 155-167. 71.-Badoux H., 1982b. Mines de sel de Bex. Geological and mining overview.<\/p><p>Bull. Geol. Lausanne 265. 24 p.<br \/>72-Badoux H., 1988. The ancient Serine at the foot of the Vaud Jura. Bull. Soc.<\/p><p>vaud. Se. nat. 79.2: 113-116, and Bull. Geol. Lausanne 299. 73-Badoux H., 1989a. The lower Ultrahelvetic in western Switzerland. Bull. Soc. fribourg. Se. nat. 77\/1-2: 143-152, and Bull. Geol.<\/p><p>Lausanne 302.<br \/>74-Badoux H., 1989b. History of the Rhone valley, between Martigny and the<\/p><p>Lake Geneva (VS and VD, Switzerland). Bull. Murithienne. Soc. valais. Se. nat.<\/p><p>107: 213-224, and Bull. Geol. Lausanne 303.<br \/>75.-BAD0UX H., 1989c. Godefroy de Weisse 1910-1989. Bull. Soc. vaud. Se.<\/p><p>nat. 79.4:379-381.<br \/>76-Charollais J. and Badoux H., 1990. Suisse l\u00e9manique, Pays de Gen\u00e8ve and<\/p><p>Chablais. Guide g\u00e9ol. r\u00e9gionaux. Masson, Paris. 225 p. 77,-Badoux H., Gabus J.-H. and Mercanton Ch.-H., 1990. Feuille 1285 Les Diablerets (2nd ed.). Atlas g\u00e9ol. Switzerland 1:25'000. Serv. hydrol. geol.<\/p><p>nat.<br \/>78.-BADOUX H. and Gabus J.-H., 1991. Explanatory note Sheet 1285 Les<\/p><p>Diablerets (2nd ed.). Geological Atlas. Switzerland 1:25'000. Serv. hydrol. geol. nat.<\/p><div class=\"page\" title=\"Page 21\"><div class=\"layoutArea\"><div class=\"column\"><p>79.-BADOUX H., 1991a. Geology of the Bex Mines, Data 1981-1990. Mater. Geol. Suisse Bull. 88. 12 p.<\/p><p>80-Badoux H., 1991b. Geological overview of the Vallon de Nant. La Thomasia, Jardin alpin de Pont de Nant, Lausanne: 37-43.<\/p><p>81.-Badoux H., 1995. The Rhone glacier in the Pleistocene. Bull. Soc. vaud. Se. nat. 83.4: 245-292, and Bull. G\u00e9ol. Lausanne 329.<\/p><p>82-Badoux H., 1996. The bedrock of the Chablais Prealps. Bull. Soc. vaud. Se. nat. 84.2: 113-124, and Bull. G\u00e9ol. Lausanne 333.<\/p><\/div><\/div><\/div><\/div><\/div><\/div><\/div><\/div><\/div><\/div><\/div><\/div><\/div><\/div><\/div><\/div><\/div><\/div>\t\t\t\t\t\t\t\t<\/div>\n\t\t\t\t<\/div>\n\t\t\t\t\t<\/div>\n\t\t<\/div>\n\t\t\t\t\t<\/div>\n\t\t<\/section>\n\t\t\t\t<\/div>","protected":false},"excerpt":{"rendered":"<p>Masson, Henri. \"H\u00e9li Badoux (1911-2001): biographie et \u0153uvre g\u00e9ologique. Text\/html,application\/pdf, 2003. https:\/\/doi.org\/10.5169\/SEALS-281433. Biography Born May 7, 1911 in Lausanne. Native of Cremin (VD). Baccalaur\u00e9at or maturit\u00e9: sciences (Lausanne, 1930). ... <\/p>","protected":false},"author":3,"featured_media":0,"parent":28882,"menu_order":0,"comment_status":"closed","ping_status":"closed","template":"","meta":{"ngg_post_thumbnail":0,"footnotes":""},"class_list":["post-28998","page","type-page","status-publish","hentry"],"_links":{"self":[{"href":"https:\/\/hist-geol-unil.ch\/en\/wp-json\/wp\/v2\/pages\/28998","targetHints":{"allow":["GET"]}}],"collection":[{"href":"https:\/\/hist-geol-unil.ch\/en\/wp-json\/wp\/v2\/pages"}],"about":[{"href":"https:\/\/hist-geol-unil.ch\/en\/wp-json\/wp\/v2\/types\/page"}],"author":[{"embeddable":true,"href":"https:\/\/hist-geol-unil.ch\/en\/wp-json\/wp\/v2\/users\/3"}],"replies":[{"embeddable":true,"href":"https:\/\/hist-geol-unil.ch\/en\/wp-json\/wp\/v2\/comments?post=28998"}],"version-history":[{"count":47,"href":"https:\/\/hist-geol-unil.ch\/en\/wp-json\/wp\/v2\/pages\/28998\/revisions"}],"predecessor-version":[{"id":32278,"href":"https:\/\/hist-geol-unil.ch\/en\/wp-json\/wp\/v2\/pages\/28998\/revisions\/32278"}],"up":[{"embeddable":true,"href":"https:\/\/hist-geol-unil.ch\/en\/wp-json\/wp\/v2\/pages\/28882"}],"wp:attachment":[{"href":"https:\/\/hist-geol-unil.ch\/en\/wp-json\/wp\/v2\/media?parent=28998"}],"curies":[{"name":"wp","href":"https:\/\/api.w.org\/{rel}","templated":true}]}}