{"id":29000,"date":"2021-03-05T15:55:04","date_gmt":"2021-03-05T14:55:04","guid":{"rendered":"https:\/\/hist-geol-unil.ch\/?page_id=29000"},"modified":"2022-02-21T15:54:03","modified_gmt":"2022-02-21T14:54:03","slug":"francois-alphonse-forel","status":"publish","type":"page","link":"https:\/\/hist-geol-unil.ch\/en\/personnes\/francois-alphonse-forel\/","title":{"rendered":"Forel Fran\u00e7ois-Alphonse"},"content":{"rendered":"<div data-elementor-type=\"wp-page\" data-elementor-id=\"29000\" class=\"elementor elementor-29000\">\n\t\t\t\t\t\t<section class=\"elementor-section elementor-top-section elementor-element elementor-element-6e49a64 elementor-section-boxed elementor-section-height-default elementor-section-height-default\" data-id=\"6e49a64\" data-element_type=\"section\" data-e-type=\"section\">\n\t\t\t\t\t\t<div class=\"elementor-container elementor-column-gap-default\">\n\t\t\t\t\t<div class=\"elementor-column elementor-col-100 elementor-top-column elementor-element elementor-element-c0c2404\" data-id=\"c0c2404\" data-element_type=\"column\" data-e-type=\"column\">\n\t\t\t<div class=\"elementor-widget-wrap elementor-element-populated\">\n\t\t\t\t\t\t<div class=\"elementor-element elementor-element-6ec8adf elementor-widget elementor-widget-image\" data-id=\"6ec8adf\" data-element_type=\"widget\" data-e-type=\"widget\" data-widget_type=\"image.default\">\n\t\t\t\t<div class=\"elementor-widget-container\">\n\t\t\t\t\t\t\t\t\t\t\t\t<figure class=\"wp-caption\">\n\t\t\t\t\t\t\t\t\t\t\t<a href=\"https:\/\/hist-geol-unil.ch\/wp-content\/uploads\/2022\/02\/ETH-BIB-F.-A._Forel_gestorben_1912-Dia_247-08554.png\" data-elementor-open-lightbox=\"yes\" data-elementor-lightbox-title=\"ETH-BIB-F.-A._Forel,_gestorben_1912-Dia_247-08554\" data-elementor-lightbox-description=\"Par Leo Wehrli \u2014 Cette image provident d&#039;une collection de la Biblioth\u00e8que de l&#039;\u00e9cole polytechnique de Zurich et a \u00e9t\u00e9 publi\u00e9e sur Wikim\u00e9dia Commons dans le cadre d&#039;une coop\u00e9ration avec Wikimedia CH. Corrections et informations compl\u00e9mentaires sont les bienvenues., CC BY-SA 4.0, https:\/\/commons.wikimedia.org\/w\/index.php?curid=68552667\" data-e-action-hash=\"#elementor-action%3Aaction%3Dlightbox%26settings%3DeyJpZCI6MzI2NjQsInVybCI6Imh0dHBzOlwvXC9oaXN0LWdlb2wtdW5pbC5jaFwvd3AtY29udGVudFwvdXBsb2Fkc1wvMjAyMlwvMDJcL0VUSC1CSUItRi4tQS5fRm9yZWxfZ2VzdG9yYmVuXzE5MTItRGlhXzI0Ny0wODU1NC5wbmcifQ%3D%3D\">\n\t\t\t\t\t\t\t<img fetchpriority=\"high\" decoding=\"async\" width=\"735\" height=\"736\" src=\"https:\/\/hist-geol-unil.ch\/wp-content\/uploads\/2022\/02\/ETH-BIB-F.-A._Forel_gestorben_1912-Dia_247-08554-1022x1024.png\" class=\"attachment-large size-large wp-image-32664\" alt=\"\" srcset=\"https:\/\/hist-geol-unil.ch\/wp-content\/uploads\/2022\/02\/ETH-BIB-F.-A._Forel_gestorben_1912-Dia_247-08554-1022x1024.png 1022w, https:\/\/hist-geol-unil.ch\/wp-content\/uploads\/2022\/02\/ETH-BIB-F.-A._Forel_gestorben_1912-Dia_247-08554-300x300.png 300w, https:\/\/hist-geol-unil.ch\/wp-content\/uploads\/2022\/02\/ETH-BIB-F.-A._Forel_gestorben_1912-Dia_247-08554-150x150.png 150w, https:\/\/hist-geol-unil.ch\/wp-content\/uploads\/2022\/02\/ETH-BIB-F.-A._Forel_gestorben_1912-Dia_247-08554-768x769.png 768w, https:\/\/hist-geol-unil.ch\/wp-content\/uploads\/2022\/02\/ETH-BIB-F.-A._Forel_gestorben_1912-Dia_247-08554-1534x1536.png 1534w, https:\/\/hist-geol-unil.ch\/wp-content\/uploads\/2022\/02\/ETH-BIB-F.-A._Forel_gestorben_1912-Dia_247-08554-2045x2048.png 2045w, https:\/\/hist-geol-unil.ch\/wp-content\/uploads\/2022\/02\/ETH-BIB-F.-A._Forel_gestorben_1912-Dia_247-08554-12x12.png 12w, https:\/\/hist-geol-unil.ch\/wp-content\/uploads\/2022\/02\/ETH-BIB-F.-A._Forel_gestorben_1912-Dia_247-08554-24x24.png 24w, https:\/\/hist-geol-unil.ch\/wp-content\/uploads\/2022\/02\/ETH-BIB-F.-A._Forel_gestorben_1912-Dia_247-08554-36x36.png 36w, https:\/\/hist-geol-unil.ch\/wp-content\/uploads\/2022\/02\/ETH-BIB-F.-A._Forel_gestorben_1912-Dia_247-08554-48x48.png 48w\" sizes=\"(max-width: 735px) 100vw, 735px\" \/>\t\t\t\t\t\t\t\t<\/a>\n\t\t\t\t\t\t\t\t\t\t\t<figcaption class=\"widget-image-caption wp-caption-text\"><\/figcaption>\n\t\t\t\t\t\t\t\t\t\t<\/figure>\n\t\t\t\t\t\t\t\t\t<\/div>\n\t\t\t\t<\/div>\n\t\t\t\t<div class=\"elementor-element elementor-element-6b4ee0c elementor-widget elementor-widget-text-editor\" data-id=\"6b4ee0c\" data-element_type=\"widget\" data-e-type=\"widget\" data-widget_type=\"text-editor.default\">\n\t\t\t\t<div class=\"elementor-widget-container\">\n\t\t\t\t\t\t\t\t\t<p>\u00a0<\/p><p>Fran\u00e7ois-Alphonse Forel was born on February 2, 1841 in Morges. He obtained the title of bachelor in physical and natural sciences and bachelor in literature at the Academy of Geneva. He then obtained a license in natural sciences in Montpellier. He then studied medicine in Paris and finished his training with a doctorate in medicine at the German University of W\u00fctzburg in 1867. Then, back in Switzerland, he was first a lecturer at the Lausanne Academy and then an extraordinary professor of anatomy and general physiology but also of zoology and comparative anatomy. In 1895, he concentrated on research by working on the periodic variations of glaciers as well as in the study of lakes by creating a new science: limnology. He also participated in the financing of the expedition to the <a href=\"https:\/\/hist-geol-unil.ch\/en\/themes\/groenland\/\" target=\"_blank\" rel=\"noopener\">Greenland<\/a> in 1912. He died that same year, on August 8, 1912 in Morges.<\/p><p><span style=\"font-size: 8pt;\">Source: Pilet, Paul-Emile: \"Forel, Fran\u00e7ois-Alphonse\", in:\u00a0<i>Historical Dictionary of Switzerland (DHS)<\/i>Version of 01.05.2007. Online: https:\/\/hls-dhs-dss.ch\/fr\/articles\/028825\/2007-05-01\/, accessed on 21.02.2022.<\/span><\/p><p>\u00a0<\/p>\t\t\t\t\t\t\t\t<\/div>\n\t\t\t\t<\/div>\n\t\t\t\t\t<\/div>\n\t\t<\/div>\n\t\t\t\t\t<\/div>\n\t\t<\/section>\n\t\t\t\t<\/div>","protected":false},"excerpt":{"rendered":"<p>\u00a0 Fran\u00e7ois-Alphonse Forel was born in Morges on February 2, 1841. He earned a bachelor's degree in physical and natural sciences and a bachelor's degree in literature from the Acad\u00e9mie de ... <\/p>","protected":false},"author":3,"featured_media":0,"parent":28882,"menu_order":0,"comment_status":"closed","ping_status":"closed","template":"","meta":{"ngg_post_thumbnail":0,"footnotes":""},"class_list":["post-29000","page","type-page","status-publish","hentry"],"_links":{"self":[{"href":"https:\/\/hist-geol-unil.ch\/en\/wp-json\/wp\/v2\/pages\/29000","targetHints":{"allow":["GET"]}}],"collection":[{"href":"https:\/\/hist-geol-unil.ch\/en\/wp-json\/wp\/v2\/pages"}],"about":[{"href":"https:\/\/hist-geol-unil.ch\/en\/wp-json\/wp\/v2\/types\/page"}],"author":[{"embeddable":true,"href":"https:\/\/hist-geol-unil.ch\/en\/wp-json\/wp\/v2\/users\/3"}],"replies":[{"embeddable":true,"href":"https:\/\/hist-geol-unil.ch\/en\/wp-json\/wp\/v2\/comments?post=29000"}],"version-history":[{"count":17,"href":"https:\/\/hist-geol-unil.ch\/en\/wp-json\/wp\/v2\/pages\/29000\/revisions"}],"predecessor-version":[{"id":32680,"href":"https:\/\/hist-geol-unil.ch\/en\/wp-json\/wp\/v2\/pages\/29000\/revisions\/32680"}],"up":[{"embeddable":true,"href":"https:\/\/hist-geol-unil.ch\/en\/wp-json\/wp\/v2\/pages\/28882"}],"wp:attachment":[{"href":"https:\/\/hist-geol-unil.ch\/en\/wp-json\/wp\/v2\/media?parent=29000"}],"curies":[{"name":"wp","href":"https:\/\/api.w.org\/{rel}","templated":true}]}}