{"id":29011,"date":"2021-03-05T16:00:50","date_gmt":"2021-03-05T15:00:50","guid":{"rendered":"https:\/\/hist-geol-unil.ch\/?page_id=29011"},"modified":"2022-06-24T15:56:00","modified_gmt":"2022-06-24T13:56:00","slug":"anecdotes-et-bizarreries","status":"publish","type":"page","link":"https:\/\/hist-geol-unil.ch\/en\/divers\/anecdotes-et-bizarreries\/","title":{"rendered":"Anecdotes and oddities"},"content":{"rendered":"<div data-elementor-type=\"wp-page\" data-elementor-id=\"29011\" class=\"elementor elementor-29011\">\n\t\t\t\t\t\t<section class=\"elementor-section elementor-top-section elementor-element elementor-element-2d330cd elementor-section-boxed elementor-section-height-default elementor-section-height-default\" data-id=\"2d330cd\" data-element_type=\"section\" data-e-type=\"section\">\n\t\t\t\t\t\t<div class=\"elementor-container elementor-column-gap-default\">\n\t\t\t\t\t<div class=\"elementor-column elementor-col-100 elementor-top-column elementor-element elementor-element-751aaff\" data-id=\"751aaff\" data-element_type=\"column\" data-e-type=\"column\">\n\t\t\t<div class=\"elementor-widget-wrap elementor-element-populated\">\n\t\t\t\t\t\t<div class=\"elementor-element elementor-element-7c02f00 elementor-widget elementor-widget-text-editor\" data-id=\"7c02f00\" data-element_type=\"widget\" data-e-type=\"widget\" data-widget_type=\"text-editor.default\">\n\t\t\t\t<div class=\"elementor-widget-container\">\n\t\t\t\t\t\t\t\t\t<p>The love of rocks, earth and nature combined with a certain amount of epicureanism gives geologists a sometimes... original vision. You will discover here anecdotes and historical accounts sometimes funny and interesting but also sometimes ideologically questionable. We apologize in advance.<\/p>\t\t\t\t\t\t\t\t<\/div>\n\t\t\t\t<\/div>\n\t\t\t\t\t<\/div>\n\t\t<\/div>\n\t\t\t\t\t<\/div>\n\t\t<\/section>\n\t\t\t\t<section class=\"elementor-section elementor-top-section elementor-element elementor-element-adf3287 elementor-section-boxed elementor-section-height-default elementor-section-height-default\" data-id=\"adf3287\" data-element_type=\"section\" data-e-type=\"section\">\n\t\t\t\t\t\t<div class=\"elementor-container elementor-column-gap-default\">\n\t\t\t\t\t<div class=\"elementor-column elementor-col-100 elementor-top-column elementor-element elementor-element-2e96eb5\" data-id=\"2e96eb5\" data-element_type=\"column\" data-e-type=\"column\">\n\t\t\t<div class=\"elementor-widget-wrap elementor-element-populated\">\n\t\t\t\t\t\t<div class=\"elementor-element elementor-element-072db70 elementor-widget elementor-widget-toggle\" data-id=\"072db70\" data-element_type=\"widget\" data-e-type=\"widget\" data-settings=\"{&quot;_animation&quot;:&quot;none&quot;}\" data-widget_type=\"toggle.default\">\n\t\t\t\t<div class=\"elementor-widget-container\">\n\t\t\t\t\t\t\t<div class=\"elementor-toggle\">\n\t\t\t\t\t\t\t<div class=\"elementor-toggle-item\">\n\t\t\t\t\t<div id=\"elementor-tab-title-7521\" class=\"elementor-tab-title\" data-tab=\"1\" role=\"button\" aria-controls=\"elementor-tab-content-7521\" aria-expanded=\"false\">\n\t\t\t\t\t\t\t\t\t\t\t\t<span class=\"elementor-toggle-icon elementor-toggle-icon-left\" aria-hidden=\"true\">\n\t\t\t\t\t\t\t\t\t\t\t\t\t\t\t<span class=\"elementor-toggle-icon-closed\"><i class=\"fas fa-caret-right\"><\/i><\/span>\n\t\t\t\t\t\t\t\t<span class=\"elementor-toggle-icon-opened\"><i class=\"elementor-toggle-icon-opened fas fa-caret-up\"><\/i><\/span>\n\t\t\t\t\t\t\t\t\t\t\t\t\t<\/span>\n\t\t\t\t\t\t\t\t\t\t\t\t<a class=\"elementor-toggle-title\" tabindex=\"0\">La Fondue Vaudoise - Lugeon -1950<\/a>\n\t\t\t\t\t<\/div>\n\n\t\t\t\t\t<div id=\"elementor-tab-content-7521\" class=\"elementor-tab-content elementor-clearfix\" data-tab=\"1\" role=\"region\" aria-labelledby=\"elementor-tab-title-7521\"><p>In this story, Maurice Lugeon describes not only his culinary recipe but also the context of a successful fondue.\u00a0<\/p><p><a href=\"http:\/\/hist-geol-unil.ch\/wp-content\/uploads\/2021\/05\/Lugeon_Fondue-Vaudoise-1950.pdf\">Lugeon_Fondue Vaudoise 1950<\/a><\/p><\/div>\n\t\t\t\t<\/div>\n\t\t\t\t\t\t\t<div class=\"elementor-toggle-item\">\n\t\t\t\t\t<div id=\"elementor-tab-title-7522\" class=\"elementor-tab-title\" data-tab=\"2\" role=\"button\" aria-controls=\"elementor-tab-content-7522\" aria-expanded=\"false\">\n\t\t\t\t\t\t\t\t\t\t\t\t<span class=\"elementor-toggle-icon elementor-toggle-icon-left\" aria-hidden=\"true\">\n\t\t\t\t\t\t\t\t\t\t\t\t\t\t\t<span class=\"elementor-toggle-icon-closed\"><i class=\"fas fa-caret-right\"><\/i><\/span>\n\t\t\t\t\t\t\t\t<span class=\"elementor-toggle-icon-opened\"><i class=\"elementor-toggle-icon-opened fas fa-caret-up\"><\/i><\/span>\n\t\t\t\t\t\t\t\t\t\t\t\t\t<\/span>\n\t\t\t\t\t\t\t\t\t\t\t\t<a class=\"elementor-toggle-title\" tabindex=\"0\"> Opening speech of the 4th International Congress of Vine and Wine - Lugeon -1935<\/a>\n\t\t\t\t\t<\/div>\n\n\t\t\t\t\t<div id=\"elementor-tab-content-7522\" class=\"elementor-tab-content elementor-clearfix\" data-tab=\"2\" role=\"region\" aria-labelledby=\"elementor-tab-title-7522\"><p>Maurice Lugeon had to replace the Rector of the University at short notice to give a speech at the International Congress of Vine and Wine. Despite little preparation, he was moving and wise.<\/p><p><a href=\"http:\/\/hist-geol-unil.ch\/wp-content\/uploads\/2021\/05\/Lugeon_1935_Vigne_vin-3.pdf\">Lugeon_1935_Vigne_vin<\/a><\/p><\/div>\n\t\t\t\t<\/div>\n\t\t\t\t\t\t\t<div class=\"elementor-toggle-item\">\n\t\t\t\t\t<div id=\"elementor-tab-title-7523\" class=\"elementor-tab-title\" data-tab=\"3\" role=\"button\" aria-controls=\"elementor-tab-content-7523\" aria-expanded=\"false\">\n\t\t\t\t\t\t\t\t\t\t\t\t<span class=\"elementor-toggle-icon elementor-toggle-icon-left\" aria-hidden=\"true\">\n\t\t\t\t\t\t\t\t\t\t\t\t\t\t\t<span class=\"elementor-toggle-icon-closed\"><i class=\"fas fa-caret-right\"><\/i><\/span>\n\t\t\t\t\t\t\t\t<span class=\"elementor-toggle-icon-opened\"><i class=\"elementor-toggle-icon-opened fas fa-caret-up\"><\/i><\/span>\n\t\t\t\t\t\t\t\t\t\t\t\t\t<\/span>\n\t\t\t\t\t\t\t\t\t\t\t\t<a class=\"elementor-toggle-title\" tabindex=\"0\">Song of the Thrust Monk - Lugeon - 1903<\/a>\n\t\t\t\t\t<\/div>\n\n\t\t\t\t\t<div id=\"elementor-tab-content-7523\" class=\"elementor-tab-content elementor-clearfix\" data-tab=\"3\" role=\"region\" aria-labelledby=\"elementor-tab-title-7523\"><p>During a trip to the Scottish Highlands, Maurice Lugeon sings a few verses about the Moine Thrust, a famous geological formation in the region.  On his way back, and under the influence of some friends, he starts composing a song in honor of the famous thrust.<\/p><p><a href=\"http:\/\/hist-geol-unil.ch\/wp-content\/uploads\/2021\/05\/Lugeon_Moine_Thrust.pdf\">Lugeon_Moine_Thrust<\/a><\/p><\/div>\n\t\t\t\t<\/div>\n\t\t\t\t\t\t\t<div class=\"elementor-toggle-item\">\n\t\t\t\t\t<div id=\"elementor-tab-title-7524\" class=\"elementor-tab-title\" data-tab=\"4\" role=\"button\" aria-controls=\"elementor-tab-content-7524\" aria-expanded=\"false\">\n\t\t\t\t\t\t\t\t\t\t\t\t<span class=\"elementor-toggle-icon elementor-toggle-icon-left\" aria-hidden=\"true\">\n\t\t\t\t\t\t\t\t\t\t\t\t\t\t\t<span class=\"elementor-toggle-icon-closed\"><i class=\"fas fa-caret-right\"><\/i><\/span>\n\t\t\t\t\t\t\t\t<span class=\"elementor-toggle-icon-opened\"><i class=\"elementor-toggle-icon-opened fas fa-caret-up\"><\/i><\/span>\n\t\t\t\t\t\t\t\t\t\t\t\t\t<\/span>\n\t\t\t\t\t\t\t\t\t\t\t\t<a class=\"elementor-toggle-title\" tabindex=\"0\">Le Marteau, journal of the Geological Cell - Lugeon, Ritterner, Jaccard - 1888 to 1897 and 1944<\/a>\n\t\t\t\t\t<\/div>\n\n\t\t\t\t\t<div id=\"elementor-tab-content-7524\" class=\"elementor-tab-content elementor-clearfix\" data-tab=\"4\" role=\"region\" aria-labelledby=\"elementor-tab-title-7524\"><p style=\"text-align: left;\">This anthology is a truculent collection of the activities of the Cellulards, mainly relating their geological excursions. It does not contain any scientific description but is full of adventures with often caricatural illustrations, eccentric songs, poetic secretions, wisps of smoke, wormwood scents, flatulent effluvia and problems of incipient hairiness.<\/p><figure id=\"attachment_29173\" aria-describedby=\"caption-attachment-29173\" style=\"width: 200px\" class=\"wp-caption aligncenter\"><a href=\"http:\/\/hist-geol-unil.ch\/wp-content\/uploads\/2021\/05\/Insigne_Cellula_Geologica.png\"><img fetchpriority=\"high\" decoding=\"async\" class=\"wp-image-29173 size-medium\" src=\"http:\/\/hist-geol-unil.ch\/wp-content\/uploads\/2021\/05\/Insigne_Cellula_Geologica-200x300.png\" alt=\"\" width=\"200\" height=\"300\" srcset=\"https:\/\/hist-geol-unil.ch\/wp-content\/uploads\/2021\/05\/Insigne_Cellula_Geologica-200x300.png 200w, https:\/\/hist-geol-unil.ch\/wp-content\/uploads\/2021\/05\/Insigne_Cellula_Geologica.png 660w\" sizes=\"(max-width: 200px) 100vw, 200px\" \/><\/a><figcaption id=\"caption-attachment-29173\" class=\"wp-caption-text\"><span style=\"font-size: 10pt;\">The badge and motto of the Geological Cell.<\/span><\/figcaption><\/figure><p style=\"text-align: left;\">This manuscript, written mainly between 1888 and 1897, with some additions until 1944, describes the creation and activities of the association \"Cellule g\u00e9ologique\" founded by <em>Protoplasm<\/em>the <em>Core<\/em> and the <em>Membrane<\/em>Th\u00e9ophile Rittener, Paul Jaccard and Maurice Lugeon respectively. These three characters succeeded each other as preparators at the Museum of Geology of Lausanne under the direction of Eug\u00e8ne Renevier (mentioned in the Marteau under <em>Modestin<\/em>) . There they developed a strong friendship that led to the creation of the Geological Cell. Thereafter, each of them realized a rich career in the field of natural sciences.<\/p><p style=\"text-align: left;\"><a href=\"http:\/\/hist-geol-unil.ch\/wp-content\/uploads\/2021\/05\/Le-Marteau-journal-de-la-Cellula-Geologica.pdf\">The Hammer, journal of the Cellula Geologica<\/a><\/p><p style=\"text-align: left;\">Th\u00e9ophile Rittener (1857-1924), born in Chateau d'\u0152x, studied at the \u00c9cole normale while working as a preparator at the Museum. In 1886, he became professor of science at the Coll\u00e8ge de Ste-Croix where his teachings were highly appreciated until his retirement in 1922. At the same time, he carried out numerous geological surveys, including an impressive geological study of the St. Croix area (1902). His talent was mainly expressed through his pen, either by drawing or by writing. In the Marteau, he is the author of most of the illustrations which vary from sometimes psychedelic caricatures to beautiful panoramas.<\/p><figure id=\"attachment_29176\" aria-describedby=\"caption-attachment-29176\" style=\"width: 182px\" class=\"wp-caption aligncenter\"><a href=\"http:\/\/hist-geol-unil.ch\/wp-content\/uploads\/2021\/05\/Portrait_Theophile-Rittener_La-libre-pense\u0301e-internationale_19240430.png\"><img decoding=\"async\" class=\"wp-image-29176\" src=\"http:\/\/hist-geol-unil.ch\/wp-content\/uploads\/2021\/05\/Portrait_Theophile-Rittener_La-libre-pense\u0301e-internationale_19240430-205x300.png\" alt=\"\" width=\"182\" height=\"266\" srcset=\"https:\/\/hist-geol-unil.ch\/wp-content\/uploads\/2021\/05\/Portrait_Theophile-Rittener_La-libre-pense\u0301e-internationale_19240430-205x300.png 205w, https:\/\/hist-geol-unil.ch\/wp-content\/uploads\/2021\/05\/Portrait_Theophile-Rittener_La-libre-pense\u0301e-internationale_19240430-700x1024.png 700w, https:\/\/hist-geol-unil.ch\/wp-content\/uploads\/2021\/05\/Portrait_Theophile-Rittener_La-libre-pense\u0301e-internationale_19240430-768x1123.png 768w, https:\/\/hist-geol-unil.ch\/wp-content\/uploads\/2021\/05\/Portrait_Theophile-Rittener_La-libre-pense\u0301e-internationale_19240430-1050x1536.png 1050w, https:\/\/hist-geol-unil.ch\/wp-content\/uploads\/2021\/05\/Portrait_Theophile-Rittener_La-libre-pense\u0301e-internationale_19240430.png 1380w\" sizes=\"(max-width: 182px) 100vw, 182px\" \/><\/a><figcaption id=\"caption-attachment-29176\" class=\"wp-caption-text\"><span style=\"font-size: 10pt;\">Portrait of Th\u00e9ophile Rittener published in his obituary of \"La Libre Pens\u00e9e internationale\" of April 30, 1924.<\/span><\/figcaption><\/figure><p style=\"text-align: left;\">In 1896, he even received a medal at the national exhibition in Geneva for one of his panoramas. Freethinking writer, under the pseudonyms of Phosphile, Amicus Plato or Jean Laboris, he published many articles in various newspapers where he stigmatized social and religious hypocrisy in prose or poems. A part of his writings were gathered in a volume entitled \"Les Dogmes immoraux\" published in 1900.<\/p><p style=\"text-align: left;\">Paul Jaccard (1868-1944), born in Ste-Croix, became in his youth a passionate collector of fossils thanks to his natural history teacher, the geologist Henri Golliez (mentioned in the Marteau under <em>Xulogena cellularia<\/em>).<\/p><figure id=\"attachment_29178\" aria-describedby=\"caption-attachment-29178\" style=\"width: 181px\" class=\"wp-caption aligncenter\"><a href=\"http:\/\/hist-geol-unil.ch\/wp-content\/uploads\/2021\/05\/Jaccard_1933_Portr_00152_ETHZ_CC.png\"><img decoding=\"async\" class=\"wp-image-29178\" src=\"http:\/\/hist-geol-unil.ch\/wp-content\/uploads\/2021\/05\/Jaccard_1933_Portr_00152_ETHZ_CC-208x300.png\" alt=\"\" width=\"181\" height=\"261\" srcset=\"https:\/\/hist-geol-unil.ch\/wp-content\/uploads\/2021\/05\/Jaccard_1933_Portr_00152_ETHZ_CC-208x300.png 208w, https:\/\/hist-geol-unil.ch\/wp-content\/uploads\/2021\/05\/Jaccard_1933_Portr_00152_ETHZ_CC-709x1024.png 709w, https:\/\/hist-geol-unil.ch\/wp-content\/uploads\/2021\/05\/Jaccard_1933_Portr_00152_ETHZ_CC-768x1110.png 768w, https:\/\/hist-geol-unil.ch\/wp-content\/uploads\/2021\/05\/Jaccard_1933_Portr_00152_ETHZ_CC-1063x1536.png 1063w, https:\/\/hist-geol-unil.ch\/wp-content\/uploads\/2021\/05\/Jaccard_1933_Portr_00152_ETHZ_CC-1417x2048.png 1417w, https:\/\/hist-geol-unil.ch\/wp-content\/uploads\/2021\/05\/Jaccard_1933_Portr_00152_ETHZ_CC.png 1607w\" sizes=\"(max-width: 181px) 100vw, 181px\" \/><\/a><figcaption id=\"caption-attachment-29178\" class=\"wp-caption-text\"><span style=\"font-size: 10pt;\">Portrait of Paul Jaccard in 1933 (\u00a9 ETHZ \/ CC).<\/span><\/figcaption><\/figure><p style=\"text-align: left;\">He also trained as a teacher before becoming a preparator at the Museum. He then went on to study <span style=\"font-size: 1rem;\">natural sciences at the University of Lausanne where he obtained a habilitation in plant embryology and phytopaleontology. He taught natural history in secondary schools in Lausanne and wrote two textbooks on botany before being appointed professor at the Polytechnic School of Zurich in 1903. There he taught plant anatomy and physiology for 35 years while conducting research on tree growth. He published more than 100 scientific articles.<\/span><\/p><p style=\"text-align: left;\">Maurice Lugeon (1870-1953), born in Poissy, France, returned at a very young age to his native Vaud. As a teenager, his passion for paleontology led him to discover numerous fossils in the molasse of Lausanne. He brought them to the Museum of Geology where Eug\u00e8ne Renevier hired him as a preparator. He continued his studies at the University of Lausanne where he presented a thesis on the geology of the Pre-Alps in 1896. His observations on the deformations during the formation of the Alps had a worldwide impact. After Eug\u00e8ne Renevier's death in 1906, he succeeded him as director of the Geological Museum and became an ordinary professor at the University of Lausanne.<\/p><figure id=\"attachment_29179\" aria-describedby=\"caption-attachment-29179\" style=\"width: 159px\" class=\"wp-caption alignright\"><a href=\"http:\/\/hist-geol-unil.ch\/wp-content\/uploads\/2021\/05\/Lugeon_1882_12_ans_ETHZ_CC.png\"><img loading=\"lazy\" decoding=\"async\" class=\"wp-image-29179\" src=\"http:\/\/hist-geol-unil.ch\/wp-content\/uploads\/2021\/05\/Lugeon_1882_12_ans_ETHZ_CC-196x300.png\" alt=\"\" width=\"159\" height=\"243\" srcset=\"https:\/\/hist-geol-unil.ch\/wp-content\/uploads\/2021\/05\/Lugeon_1882_12_ans_ETHZ_CC-196x300.png 196w, https:\/\/hist-geol-unil.ch\/wp-content\/uploads\/2021\/05\/Lugeon_1882_12_ans_ETHZ_CC.png 609w\" sizes=\"(max-width: 159px) 100vw, 159px\" \/><\/a><figcaption id=\"caption-attachment-29179\" class=\"wp-caption-text\"><span style=\"font-size: 10pt;\">Maurice Lugeon at the age of 12, 6 years before the creation of the Geological Cell (\u00a9 ETHZ \/ CC).<\/span><\/figcaption><\/figure><p style=\"text-align: left;\">His research work in applied geology, particularly on dams, brought him international fame. He died in 1953 after receiving numerous awards, including the Legion of Honor, and his funeral was held in Lausanne Cathedral.<\/p><p style=\"text-align: left;\"><em>May 2021<\/em><\/p><p style=\"text-align: left;\"><em>Robin Marchant<\/em><\/p><p style=\"text-align: left;\"><em>Curator at the Cantonal Museum of Geology, Lausanne<\/em><\/p><\/div>\n\t\t\t\t<\/div>\n\t\t\t\t\t\t\t<div class=\"elementor-toggle-item\">\n\t\t\t\t\t<div id=\"elementor-tab-title-7525\" class=\"elementor-tab-title\" data-tab=\"5\" role=\"button\" aria-controls=\"elementor-tab-content-7525\" aria-expanded=\"false\">\n\t\t\t\t\t\t\t\t\t\t\t\t<span class=\"elementor-toggle-icon elementor-toggle-icon-left\" aria-hidden=\"true\">\n\t\t\t\t\t\t\t\t\t\t\t\t\t\t\t<span class=\"elementor-toggle-icon-closed\"><i class=\"fas fa-caret-right\"><\/i><\/span>\n\t\t\t\t\t\t\t\t<span class=\"elementor-toggle-icon-opened\"><i class=\"elementor-toggle-icon-opened fas fa-caret-up\"><\/i><\/span>\n\t\t\t\t\t\t\t\t\t\t\t\t\t<\/span>\n\t\t\t\t\t\t\t\t\t\t\t\t<a class=\"elementor-toggle-title\" tabindex=\"0\">Description of De Morlot by Lugeon -1949<\/a>\n\t\t\t\t\t<\/div>\n\n\t\t\t\t\t<div id=\"elementor-tab-content-7525\" class=\"elementor-tab-content elementor-clearfix\" data-tab=\"5\" role=\"region\" aria-labelledby=\"elementor-tab-title-7525\"><p>In his publication on the 100 years of Vaud geology, M. Lugeon draws the portrait of a very original character: Karl Adolphe\/Charles-Adolphe de Morlot.<\/p>\n<p><em>\"Since I am quoting Morlot, let us say, in passing, a few stories about this geologist. I got them from my master<\/em><em>&nbsp;<\/em><em>Renevier and Professor Charles Dufour, the astronomer, from Morges.<\/em><\/p>\n<p><em>M<\/em><em>Orlot was a man full of ideas, but he had the disadvantage of being an original old boy, at odds with most of his contemporaries. He was very poorly educated. Coming back from an excursion, he would stand naked at his window, in the City, and play the flute<\/em><em>,<\/em><em> to the indignation of the neighbors. One day, passing in Cheseaux at Fr\u00e9d\u00e9ric Troyon's, a known prehistorian who was still his friend, he enters the living room, takes off his shoes and his stockings and sprawls in front of a fire of chimney to the indignation of Mrs. Troyon who makes him<\/em><em>t<\/em><em> take the door. However, later, at the time of these bitter discussions which agitated the canton at the time of the creation of the Free Church, Morlot who was hardly religious claimed to be the terrible Carl Vogt, whereas Troyon remained an orthodox believer, a<\/em><em>&nbsp;<\/em><em>hatred separated the two former friends. One must read Carl Vogt's Le\u00e7ons sur l'homme to form an opinion on the discord of that time. Morlot was seen distributing a pamphlet in the stores of the small town of Lausanne, in which he was<\/em><em> wrote that on a certain day, the stockings of the miscreant Morlot would be burned on Montbenon! <\/em><em>P<\/em><em>I had some quarrels with Charles Dufour, the astronomer of Villeneuve, about the age of the cone of dejection of the Tini\u00e8re. This good Dufour of whom I was one of the last listeners in his astronomy course at the University, spent about an hour telling us <\/em><em>(there were only two of us) the contempt he had for the geology professor of the time. What I did not take notes then!...<\/em><\/p>\n<p><em>Nevertheless, Morlot was a sort of avant-garde man, with a perhaps somewhat overactive imagination, but an excellent observer. His first geology lesson published in 1851 remains a document to be read.\"<\/em><\/p>\n<p>Lugeon, 100 years of Vaud geology, 1949<\/p><\/div>\n\t\t\t\t<\/div>\n\t\t\t\t\t\t\t<div class=\"elementor-toggle-item\">\n\t\t\t\t\t<div id=\"elementor-tab-title-7526\" class=\"elementor-tab-title\" data-tab=\"6\" role=\"button\" aria-controls=\"elementor-tab-content-7526\" aria-expanded=\"false\">\n\t\t\t\t\t\t\t\t\t\t\t\t<span class=\"elementor-toggle-icon elementor-toggle-icon-left\" aria-hidden=\"true\">\n\t\t\t\t\t\t\t\t\t\t\t\t\t\t\t<span class=\"elementor-toggle-icon-closed\"><i class=\"fas fa-caret-right\"><\/i><\/span>\n\t\t\t\t\t\t\t\t<span class=\"elementor-toggle-icon-opened\"><i class=\"elementor-toggle-icon-opened fas fa-caret-up\"><\/i><\/span>\n\t\t\t\t\t\t\t\t\t\t\t\t\t<\/span>\n\t\t\t\t\t\t\t\t\t\t\t\t<a class=\"elementor-toggle-title\" tabindex=\"0\">The Boulder Commission - De la Harpe, Lochmann, Renevier, Forel, Piccard - 1868<\/a>\n\t\t\t\t\t<\/div>\n\n\t\t\t\t\t<div id=\"elementor-tab-content-7526\" class=\"elementor-tab-content elementor-clearfix\" data-tab=\"6\" role=\"region\" aria-labelledby=\"elementor-tab-title-7526\"><p>In 1868, environmental protection was not yet a major concern. However, a small group of passionate geologists set out to protect the boulders from exploitation for construction.<\/p><p><a href=\"http:\/\/hist-geol-unil.ch\/wp-content\/uploads\/2021\/05\/Commission-des-blocs-erratiques.pdf\">Boulder Commission<\/a><\/p><\/div>\n\t\t\t\t<\/div>\n\t\t\t\t\t\t\t\t<\/div>\n\t\t\t\t\t\t<\/div>\n\t\t\t\t<\/div>\n\t\t\t\t\t<\/div>\n\t\t<\/div>\n\t\t\t\t\t<\/div>\n\t\t<\/section>\n\t\t\t\t<\/div>","protected":false},"excerpt":{"rendered":"<p>A love of rocks, earth and nature, combined with a certain amount of epicureanism, gives geologists a vision that is sometimes... original. Here you'll discover anecdotes and ... <\/p>","protected":false},"author":3,"featured_media":0,"parent":28894,"menu_order":0,"comment_status":"closed","ping_status":"closed","template":"","meta":{"ngg_post_thumbnail":0,"footnotes":""},"class_list":["post-29011","page","type-page","status-publish","hentry"],"_links":{"self":[{"href":"https:\/\/hist-geol-unil.ch\/en\/wp-json\/wp\/v2\/pages\/29011","targetHints":{"allow":["GET"]}}],"collection":[{"href":"https:\/\/hist-geol-unil.ch\/en\/wp-json\/wp\/v2\/pages"}],"about":[{"href":"https:\/\/hist-geol-unil.ch\/en\/wp-json\/wp\/v2\/types\/page"}],"author":[{"embeddable":true,"href":"https:\/\/hist-geol-unil.ch\/en\/wp-json\/wp\/v2\/users\/3"}],"replies":[{"embeddable":true,"href":"https:\/\/hist-geol-unil.ch\/en\/wp-json\/wp\/v2\/comments?post=29011"}],"version-history":[{"count":169,"href":"https:\/\/hist-geol-unil.ch\/en\/wp-json\/wp\/v2\/pages\/29011\/revisions"}],"predecessor-version":[{"id":33194,"href":"https:\/\/hist-geol-unil.ch\/en\/wp-json\/wp\/v2\/pages\/29011\/revisions\/33194"}],"up":[{"embeddable":true,"href":"https:\/\/hist-geol-unil.ch\/en\/wp-json\/wp\/v2\/pages\/28894"}],"wp:attachment":[{"href":"https:\/\/hist-geol-unil.ch\/en\/wp-json\/wp\/v2\/media?parent=29011"}],"curies":[{"name":"wp","href":"https:\/\/api.w.org\/{rel}","templated":true}]}}