{"id":29847,"date":"2021-08-03T11:35:59","date_gmt":"2021-08-03T09:35:59","guid":{"rendered":"https:\/\/hist-geol-unil.ch\/?page_id=29847"},"modified":"2021-11-01T15:55:41","modified_gmt":"2021-11-01T14:55:41","slug":"musee-cantonal-de-geologie","status":"publish","type":"page","link":"https:\/\/hist-geol-unil.ch\/en\/divers\/musee-cantonal-de-geologie\/","title":{"rendered":"Cantonal Museum of Geology"},"content":{"rendered":"<div data-elementor-type=\"wp-page\" data-elementor-id=\"29847\" class=\"elementor elementor-29847\">\n\t\t\t\t\t\t<section class=\"elementor-section elementor-top-section elementor-element elementor-element-2fd5a31 elementor-section-boxed elementor-section-height-default elementor-section-height-default\" data-id=\"2fd5a31\" data-element_type=\"section\" data-e-type=\"section\">\n\t\t\t\t\t\t<div class=\"elementor-container elementor-column-gap-default\">\n\t\t\t\t\t<div class=\"elementor-column elementor-col-100 elementor-top-column elementor-element elementor-element-abdc835\" data-id=\"abdc835\" data-element_type=\"column\" data-e-type=\"column\">\n\t\t\t<div class=\"elementor-widget-wrap elementor-element-populated\">\n\t\t\t\t\t\t<div class=\"elementor-element elementor-element-33dd7da elementor-widget elementor-widget-image\" data-id=\"33dd7da\" data-element_type=\"widget\" data-e-type=\"widget\" data-widget_type=\"image.default\">\n\t\t\t\t<div class=\"elementor-widget-container\">\n\t\t\t\t\t\t\t\t\t\t\t\t\t\t\t\t<a href=\"https:\/\/www.unil.ch\/mcg\/fr\/home.html\">\n\t\t\t\t\t\t\t<img fetchpriority=\"high\" decoding=\"async\" width=\"225\" height=\"225\" src=\"https:\/\/hist-geol-unil.ch\/wp-content\/uploads\/2021\/08\/images.png\" class=\"attachment-full size-full wp-image-29905\" alt=\"\" srcset=\"https:\/\/hist-geol-unil.ch\/wp-content\/uploads\/2021\/08\/images.png 225w, https:\/\/hist-geol-unil.ch\/wp-content\/uploads\/2021\/08\/images-150x150.png 150w\" sizes=\"(max-width: 225px) 100vw, 225px\" \/>\t\t\t\t\t\t\t\t<\/a>\n\t\t\t\t\t\t\t\t\t\t\t\t\t\t\t<\/div>\n\t\t\t\t<\/div>\n\t\t\t\t<div class=\"elementor-element elementor-element-796b7af elementor-widget elementor-widget-spacer\" data-id=\"796b7af\" data-element_type=\"widget\" data-e-type=\"widget\" data-widget_type=\"spacer.default\">\n\t\t\t\t<div class=\"elementor-widget-container\">\n\t\t\t\t\t\t\t<div class=\"elementor-spacer\">\n\t\t\t<div class=\"elementor-spacer-inner\"><\/div>\n\t\t<\/div>\n\t\t\t\t\t\t<\/div>\n\t\t\t\t<\/div>\n\t\t\t\t<div class=\"elementor-element elementor-element-e00588c elementor-widget elementor-widget-heading\" data-id=\"e00588c\" data-element_type=\"widget\" data-e-type=\"widget\" data-widget_type=\"heading.default\">\n\t\t\t\t<div class=\"elementor-widget-container\">\n\t\t\t\t\t<h2 class=\"elementor-heading-title elementor-size-default\">History of the Cantonal Museum of Geology in Lausanne<\/h2>\t\t\t\t<\/div>\n\t\t\t\t<\/div>\n\t\t\t\t\t<\/div>\n\t\t<\/div>\n\t\t\t\t\t<\/div>\n\t\t<\/section>\n\t\t\t\t<section class=\"elementor-section elementor-top-section elementor-element elementor-element-83535f9 elementor-section-boxed elementor-section-height-default elementor-section-height-default\" data-id=\"83535f9\" data-element_type=\"section\" data-e-type=\"section\">\n\t\t\t\t\t\t<div class=\"elementor-container elementor-column-gap-default\">\n\t\t\t\t\t<div class=\"elementor-column elementor-col-100 elementor-top-column elementor-element elementor-element-1dfee2f\" data-id=\"1dfee2f\" data-element_type=\"column\" data-e-type=\"column\">\n\t\t\t<div class=\"elementor-widget-wrap elementor-element-populated\">\n\t\t\t\t\t\t<div class=\"elementor-element elementor-element-ed0754e elementor-widget elementor-widget-text-editor\" data-id=\"ed0754e\" data-element_type=\"widget\" data-e-type=\"widget\" data-widget_type=\"text-editor.default\">\n\t\t\t\t<div class=\"elementor-widget-container\">\n\t\t\t\t\t\t\t\t\t<div class=\"page\" title=\"Page 1\"><div class=\"layoutArea\"><div class=\"column\">\u00a0<\/div><\/div><div class=\"layoutArea\"><div class=\"column\"><p>Museums are born and live from the passions of those who animate them. At the Museum of Geology, for almost two centuries, researchers have been digging in the ground, extracting fossils and crystals, studying them and building up remarkable collections that are the history books of a mysterious past for the general public.<\/p><p>The end of the 16th century and the beginning of the 19th century saw the gradual disappearance of the natural history cabinets, thus dispersing the private collections. In order to avoid this mess, the pastor Daniel Alexandre Chavannes (1765-1846) and his friend the forest inspector Charles Lardy (1780-1858) fought to obtain the necessary funds to purchase these precious collections.<\/p><\/div><\/div><\/div><p><img decoding=\"async\" class=\"wp-image-29850 aligncenter\" src=\"http:\/\/hist-geol-unil.ch\/wp-content\/uploads\/2021\/08\/Capture-de\u0301cran-2021-08-03-a\u0300-11.44.32-268x300.png\" alt=\"\" width=\"197\" height=\"221\" srcset=\"https:\/\/hist-geol-unil.ch\/wp-content\/uploads\/2021\/08\/Capture-de\u0301cran-2021-08-03-a\u0300-11.44.32-268x300.png 268w, https:\/\/hist-geol-unil.ch\/wp-content\/uploads\/2021\/08\/Capture-de\u0301cran-2021-08-03-a\u0300-11.44.32.png 583w\" sizes=\"(max-width: 197px) 100vw, 197px\" \/><\/p><div class=\"page\" title=\"Page 1\"><div class=\"layoutArea\"><div class=\"column\"><p style=\"text-align: center;\"><strong style=\"color: var( --e-global-color-text ); font-family: var( --e-global-typography-text-font-family ), Sans-serif;\">Charles Lardy (1780-1858)<\/strong><\/p><p><span style=\"font-size: 10pt;\"><em>General director of the forests of the canton of Vaud, he founded, with Daniel Alexandre Chavannes, the Cantonal Museum in 1818. Lardy is the author of a remarkable Essay on the \"geognostic constitution of the St Gothard\", published in 1833 and dealing with the mineralogy of this region.<\/em><\/span><\/p><\/div><\/div><\/div><p><span style=\"font-size: 1rem;\">The first collection was acquired in 1818 following a public subscription. It was the mineral collection of Henri Struve (1751-1826), professor of chemistry and mineralogy at the Academy and director of the mines and saltworks of Bex. This acquisition, as well as that of the watercolor collection of the painter Abraham Louis Ducros, was the basis for the creation of an exhibition room at the Academy on July 27, 1818, thus encouraging science enthusiasts to donate their collections: the Cantonal Museum was born.<\/span><\/p><p><img decoding=\"async\" class=\"size-medium wp-image-29855 aligncenter\" src=\"http:\/\/hist-geol-unil.ch\/wp-content\/uploads\/2021\/08\/Capture-de\u0301cran-2021-08-03-a\u0300-11.46.55-200x300.png\" alt=\"\" width=\"200\" height=\"300\" srcset=\"https:\/\/hist-geol-unil.ch\/wp-content\/uploads\/2021\/08\/Capture-de\u0301cran-2021-08-03-a\u0300-11.46.55-200x300.png 200w, https:\/\/hist-geol-unil.ch\/wp-content\/uploads\/2021\/08\/Capture-de\u0301cran-2021-08-03-a\u0300-11.46.55.png 413w\" sizes=\"(max-width: 200px) 100vw, 200px\" \/><\/p><p><em style=\"font-size: 10pt; color: var( --e-global-color-text ); font-family: var( --e-global-typography-text-font-family ), Sans-serif; font-weight: var( --e-global-typography-text-font-weight );\">Crystals of cuprite, a natural copper oxide, formerly called \"zigueline\", from the old mine of Chessy near Lyon. Presentation of the 19th century morphology of the crystals.<\/em><\/p><p><span style=\"font-size: 1rem;\">Thus, the illustrious Fr\u00e9d\u00e9ric-C\u00e9sar de La Harpe (1754-1838), former tutor to Tsar Alexander I of Russia and a patriot of the canton of Vaud, donated his fine collection of minerals to the museum. At the same time, Jean de Charpentier (1786-1855), director of the Bex mines, donated his collection to the museum. This scientist, an extraordinary character, was born in 1786 in Freiberg, Saxony, <\/span><span style=\"font-size: 1rem;\">in a city famous at the time for being at the forefront of research in mineralogy and mining technology where he attended the famous Bergakademie. He worked successively in the coal mines of Silesia, in the copper mines of the Pyrenees and, in 1813, took over the management of the salt mines of Bex, which were in the process of collapsing. In 1841, he published a memorable work devoted to glacial theories.<\/span><\/p><div class=\"page\" title=\"Page 1\"><div class=\"layoutArea\"><div class=\"column\"><p><img loading=\"lazy\" decoding=\"async\" class=\"wp-image-29854 aligncenter\" src=\"http:\/\/hist-geol-unil.ch\/wp-content\/uploads\/2021\/08\/Capture-de\u0301cran-2021-08-03-a\u0300-11.47.24-271x300.png\" alt=\"\" width=\"234\" height=\"259\" srcset=\"https:\/\/hist-geol-unil.ch\/wp-content\/uploads\/2021\/08\/Capture-de\u0301cran-2021-08-03-a\u0300-11.47.24-271x300.png 271w, https:\/\/hist-geol-unil.ch\/wp-content\/uploads\/2021\/08\/Capture-de\u0301cran-2021-08-03-a\u0300-11.47.24.png 550w\" sizes=\"(max-width: 234px) 100vw, 234px\" \/><\/p><\/div><\/div><\/div><div class=\"page\" title=\"Page 2\"><div class=\"layoutArea\"><div class=\"column\"><p style=\"text-align: center;\"><strong>Jean de Charpentier (1786-1855)<\/strong><\/p><\/div><p><span style=\"font-size: 10pt;\"><em>Director of the mines and salt works of Bex, he donated his collection of minerals and rocks to the Museum. Author of several articles dealing with geology and glaciology, he also studied the crystallography of gypsum crystals from Bex and published his observations in 1818-1819 in \"Leonhard's Taschenbuch f\u00fcr gessammte Mineralogie\" in Frankfurt.<\/em><\/span><\/p><\/div><\/div><div class=\"page\" title=\"Page 2\"><div class=\"layoutArea\"><p>In 1820, the chemist Samuel Mercanton (1794-1871) took over the teaching of chemistry and mineralogy at the University from Henri Struve. His beautiful collection of systematic mineralogy, very well labeled and studied, will complete those of the museum. In 1874, under the impulse of Louis Ruchonnet, the Cantonal Museum was reorganized, the Museum of Geology was officially created in the former bishop's residence and the collections were separated thematically (zoology, botany, geology).<\/p><p><img loading=\"lazy\" decoding=\"async\" class=\"size-medium wp-image-29853 alignleft\" src=\"http:\/\/hist-geol-unil.ch\/wp-content\/uploads\/2021\/08\/Capture-de\u0301cran-2021-08-03-a\u0300-11.47.58-300x191.png\" alt=\"\" width=\"300\" height=\"191\" srcset=\"https:\/\/hist-geol-unil.ch\/wp-content\/uploads\/2021\/08\/Capture-de\u0301cran-2021-08-03-a\u0300-11.47.58-300x191.png 300w, https:\/\/hist-geol-unil.ch\/wp-content\/uploads\/2021\/08\/Capture-de\u0301cran-2021-08-03-a\u0300-11.47.58-768x488.png 768w, https:\/\/hist-geol-unil.ch\/wp-content\/uploads\/2021\/08\/Capture-de\u0301cran-2021-08-03-a\u0300-11.47.58.png 840w\" sizes=\"(max-width: 300px) 100vw, 300px\" \/><\/p><p><span style=\"font-size: 10pt;\"><em>Miners from Freiberg, Saxony, in full regalia around the beginning of the 19th century. The profession of miner was highly respected at the time, and miners were organized into paramilitary troops with the right to bear arms. These brotherhoods marched regularly, especially on the occasion of Saint Barbara's Day (December 4), patron saint of miners and artificers. The two figures on the right are students of the famous Bergakademie in Freiberg, where mineralogy, geology, mining and ore processing techniques are taught. The professor of chemistry and mineralogy Henri Stuve, the director of the mines of Bex Jean Charpentier and the general director of the forests of the canton of Vaud Charles Lardy, attended the courses of this academy. The miners from Meissen, a town famous for its porcelain, located about 30 km north of Freiberg, were called the Meissners or Meisser ...<\/em><\/span><\/p><p>\u00a0<\/p><p>The creation of the Cantonal Museum encouraged science enthusiasts to donate their collections, and in geology, illustrious Waldensians such as Jean de Charpentier, director of the Bex mines, and Fr\u00e9d\u00e9ric-C\u00e9sar de la Harpe, former tutor to the Tsar and a patriot of the Canton of Vaud, donated their beautiful mineral collections to the Museum. In the middle of the 19th century, Philippe de la Harpe, Eug\u00e8ne Renevier and later Maurice Lugeon began to assemble the first collections of paleontology and especially the large collection of regional geology. In full expansion following the works of Cuvier, Lamarck and Darwin, this science is passionate: one starts to actively search for fossils in order to discover their secrets.<\/p><\/div><\/div><div class=\"page\" title=\"Page 3\"><div class=\"layoutArea\"><div class=\"column\"><p>Thanks to the donation of a nobleman of Russian origin, Gabriel de Rumine (1841-1871), the Palais de Rumine was built from 1898 to 1905. This building allowed the Museums, University Institutes, Library and Learned Societies to be housed under one roof. Some of the Museum's curators were also professors at the University, such as Eug\u00e8ne Renevier (1831-1906), Maurice Lugeon (1870-1953) and Arnold Bersier (1906-1978).<\/p><p><img loading=\"lazy\" decoding=\"async\" class=\"size-medium wp-image-29852 alignleft\" src=\"http:\/\/hist-geol-unil.ch\/wp-content\/uploads\/2021\/08\/Capture-de\u0301cran-2021-08-03-a\u0300-11.48.36-300x212.png\" alt=\"\" width=\"300\" height=\"212\" srcset=\"https:\/\/hist-geol-unil.ch\/wp-content\/uploads\/2021\/08\/Capture-de\u0301cran-2021-08-03-a\u0300-11.48.36-300x212.png 300w, https:\/\/hist-geol-unil.ch\/wp-content\/uploads\/2021\/08\/Capture-de\u0301cran-2021-08-03-a\u0300-11.48.36-768x543.png 768w, https:\/\/hist-geol-unil.ch\/wp-content\/uploads\/2021\/08\/Capture-de\u0301cran-2021-08-03-a\u0300-11.48.36.png 937w\" sizes=\"(max-width: 300px) 100vw, 300px\" \/><\/p><p>\u00a0<\/p><p><span style=\"font-size: 10pt;\"><em>The construction of the Palais de Rumine at the beginning of the century allowed the installation of the Museum, the university laboratories of geology and mineralogy and their specialized libraries. It was here that a true symbiosis was established and contributed to the considerable development of the cantonal collections and to the influence of teaching and research, teaching which saw the greatest scientists of the time flock to Lausanne.<\/em><\/span><\/p><\/div><\/div><\/div><p>\u00a0<\/p><p>\u00a0<\/p><div class=\"page\" title=\"Page 3\"><div class=\"layoutArea\"><div class=\"column\"><p>Confirmed in 1983 by the State Council and the Grand Council, the symbiosis between the Museum and the Earth Sciences Section of the University of Lausanne took concrete form with the joint move in 1987 and 1988 of the two institutions to the B\u00e2timent des Sciences humaines 2 in Dorigny, and the pooling of their library. In a few years, the Institute of Mineralogy acquired powerful analytical equipment, which the Museum benefits from through joint research work and the analysis of samples from the collections. Within this symbiosis of scientific research and museum, the Museum of Geology, turned towards the public, appears more than ever as a bridge between researchers and the general public.<\/p><\/div><\/div><\/div><p><img loading=\"lazy\" decoding=\"async\" class=\"size-medium wp-image-29851 alignright\" style=\"font-size: 1rem;\" src=\"http:\/\/hist-geol-unil.ch\/wp-content\/uploads\/2021\/08\/Capture-de\u0301cran-2021-08-03-a\u0300-11.49.01-300x149.png\" alt=\"\" width=\"300\" height=\"149\" srcset=\"https:\/\/hist-geol-unil.ch\/wp-content\/uploads\/2021\/08\/Capture-de\u0301cran-2021-08-03-a\u0300-11.49.01-300x149.png 300w, https:\/\/hist-geol-unil.ch\/wp-content\/uploads\/2021\/08\/Capture-de\u0301cran-2021-08-03-a\u0300-11.49.01-768x382.png 768w, https:\/\/hist-geol-unil.ch\/wp-content\/uploads\/2021\/08\/Capture-de\u0301cran-2021-08-03-a\u0300-11.49.01.png 848w\" sizes=\"(max-width: 300px) 100vw, 300px\" \/><\/p><div class=\"page\" title=\"Page 3\"><div class=\"layoutArea\"><div class=\"column\"><p>\u00a0<\/p><p><span style=\"font-size: 10pt;\"><em>The Museum's administration, workshops, laboratories, collections and archives are located in the Faculty of Humanities Building 2 (BFSH-2) on the Dorigny University campus, near the\u00a0<\/em><em>Lausanne.<\/em><\/span><\/p><p>\u00a0<\/p><p><span style=\"font-size: 1rem;\">The surfaces of the Arlaud Museum have been, since 1997, periodically made available to the Geology Museum for the presentation of temporary exhibitions.<\/span>In order to support the activities of the Museum and to promote the earth sciences in French-speaking Switzerland, the Association of the Friends of the Geological Museum of Lausanne (AMGL) was created in 1996.<\/p><p>\u00a0<\/p><p>By Nicolas Meisser, curator<\/p><\/div><\/div><\/div>\t\t\t\t\t\t\t\t<\/div>\n\t\t\t\t<\/div>\n\t\t\t\t\t<\/div>\n\t\t<\/div>\n\t\t\t\t\t<\/div>\n\t\t<\/section>\n\t\t\t\t<section class=\"elementor-section elementor-top-section elementor-element elementor-element-c88a671 elementor-section-boxed elementor-section-height-default elementor-section-height-default\" data-id=\"c88a671\" data-element_type=\"section\" data-e-type=\"section\">\n\t\t\t\t\t\t<div class=\"elementor-container elementor-column-gap-default\">\n\t\t\t\t\t<div class=\"elementor-column elementor-col-100 elementor-top-column elementor-element elementor-element-09074dd\" data-id=\"09074dd\" data-element_type=\"column\" data-e-type=\"column\">\n\t\t\t<div class=\"elementor-widget-wrap elementor-element-populated\">\n\t\t\t\t\t\t<div class=\"elementor-element elementor-element-381c1ff elementor-widget elementor-widget-heading\" data-id=\"381c1ff\" data-element_type=\"widget\" data-e-type=\"widget\" data-widget_type=\"heading.default\">\n\t\t\t\t<div class=\"elementor-widget-container\">\n\t\t\t\t\t<h2 class=\"elementor-heading-title elementor-size-default\">Documentations<\/h2>\t\t\t\t<\/div>\n\t\t\t\t<\/div>\n\t\t\t\t\t<\/div>\n\t\t<\/div>\n\t\t\t\t\t<\/div>\n\t\t<\/section>\n\t\t\t\t<section class=\"elementor-section elementor-top-section elementor-element elementor-element-b9f574c elementor-section-boxed elementor-section-height-default elementor-section-height-default\" data-id=\"b9f574c\" data-element_type=\"section\" data-e-type=\"section\">\n\t\t\t\t\t\t<div class=\"elementor-container elementor-column-gap-default\">\n\t\t\t\t\t<div class=\"elementor-column elementor-col-100 elementor-top-column elementor-element elementor-element-6a662dc\" data-id=\"6a662dc\" data-element_type=\"column\" data-e-type=\"column\">\n\t\t\t<div class=\"elementor-widget-wrap elementor-element-populated\">\n\t\t\t\t\t\t<div class=\"elementor-element elementor-element-4611a72 elementor-widget elementor-widget-text-editor\" data-id=\"4611a72\" data-element_type=\"widget\" data-e-type=\"widget\" data-widget_type=\"text-editor.default\">\n\t\t\t\t<div class=\"elementor-widget-container\">\n\t\t\t\t\t\t\t\t\t<p><strong>Museum activity reports (PDF):<\/strong><\/p><ul><li><a href=\"https:\/\/hist-geol-unil.ch\/wp-content\/uploads\/2021\/08\/1818-1973_MCG_Rapports_Activites.pdf\" target=\"_blank\" rel=\"noopener\">1818 &#8211; 1973<\/a><\/li><li><a href=\"https:\/\/hist-geol-unil.ch\/wp-content\/uploads\/2021\/08\/1974-1985_MCG_Rapports_Activites.pdf\" target=\"_blank\" rel=\"noopener\">1974 &#8211; 1985<\/a><\/li><li><a href=\"https:\/\/hist-geol-unil.ch\/wp-content\/uploads\/2021\/08\/1985-1994_MCG_Rapports_Activites.pdf\" target=\"_blank\" rel=\"noopener\">1985 &#8211; 1994<\/a><\/li><li><a href=\"https:\/\/hist-geol-unil.ch\/wp-content\/uploads\/2021\/08\/1996_2012_Bulletin_Activites_MCG.pdf\" target=\"_blank\" rel=\"noopener\">1996 &#8211; 2012<\/a><\/li><\/ul><p><strong>Activity report minutes (PDF):<\/strong><\/p><ul><li><a href=\"https:\/\/hist-geol-unil.ch\/wp-content\/uploads\/2021\/08\/1974-1985_MCG_Compte-rendu_DIPC_Rapports_Activites.pdf\" target=\"_blank\" rel=\"noopener\">1974 &#8211; 1985<\/a><\/li><li><a href=\"https:\/\/hist-geol-unil.ch\/wp-content\/uploads\/2021\/08\/1986_1995_MCG_Compte-rendu_DIPC_Rapports_Activites.pdf\" target=\"_blank\" rel=\"noopener\">1986 &#8211; 1995<\/a><\/li><\/ul><p><strong>Miscellaneous:<\/strong><\/p><ul><li><a href=\"https:\/\/hist-geol-unil.ch\/wp-content\/uploads\/2021\/08\/Bulletin_des_GUL_1963_1978.pdf\" target=\"_blank\" rel=\"noopener\">Bulletin of the GUL (University Geologists of Lausanne), 1963 - 1978.<\/a>\u00a0<\/li><li><a href=\"https:\/\/hist-geol-unil.ch\/wp-content\/uploads\/2021\/08\/Lardy_Examen_de_la_brochure_de_Struve_1819.pdf\" target=\"_blank\" rel=\"noopener\">Review of Struve's booklet by Charles Lardy, 1819.<\/a><\/li><li><a href=\"https:\/\/hist-geol-unil.ch\/wp-content\/uploads\/2021\/08\/Renevier_1895_Notice-sur-lorigine-et-linstallation-du-muse%CC%81e-ge%CC%81ologique-de-Lausanne.pdf\" target=\"_blank\" rel=\"noopener\">Notice sur l'origine et l'installation du mus\u00e9e g\u00e9ologique de Lausanne, Eug\u00e8ne Renevier, 1895.<\/a><\/li><\/ul>\t\t\t\t\t\t\t\t<\/div>\n\t\t\t\t<\/div>\n\t\t\t\t\t<\/div>\n\t\t<\/div>\n\t\t\t\t\t<\/div>\n\t\t<\/section>\n\t\t\t\t<\/div>","protected":false},"excerpt":{"rendered":"<p>History of the Lausanne Cantonal Geological Museum Museums are born and live from the passions of those who run them. At the Geological Museum, for almost two centuries, researchers have ... <\/p>","protected":false},"author":3,"featured_media":0,"parent":28894,"menu_order":0,"comment_status":"closed","ping_status":"closed","template":"","meta":{"ngg_post_thumbnail":0,"footnotes":""},"class_list":["post-29847","page","type-page","status-publish","hentry"],"_links":{"self":[{"href":"https:\/\/hist-geol-unil.ch\/en\/wp-json\/wp\/v2\/pages\/29847","targetHints":{"allow":["GET"]}}],"collection":[{"href":"https:\/\/hist-geol-unil.ch\/en\/wp-json\/wp\/v2\/pages"}],"about":[{"href":"https:\/\/hist-geol-unil.ch\/en\/wp-json\/wp\/v2\/types\/page"}],"author":[{"embeddable":true,"href":"https:\/\/hist-geol-unil.ch\/en\/wp-json\/wp\/v2\/users\/3"}],"replies":[{"embeddable":true,"href":"https:\/\/hist-geol-unil.ch\/en\/wp-json\/wp\/v2\/comments?post=29847"}],"version-history":[{"count":46,"href":"https:\/\/hist-geol-unil.ch\/en\/wp-json\/wp\/v2\/pages\/29847\/revisions"}],"predecessor-version":[{"id":31090,"href":"https:\/\/hist-geol-unil.ch\/en\/wp-json\/wp\/v2\/pages\/29847\/revisions\/31090"}],"up":[{"embeddable":true,"href":"https:\/\/hist-geol-unil.ch\/en\/wp-json\/wp\/v2\/pages\/28894"}],"wp:attachment":[{"href":"https:\/\/hist-geol-unil.ch\/en\/wp-json\/wp\/v2\/media?parent=29847"}],"curies":[{"name":"wp","href":"https:\/\/api.w.org\/{rel}","templated":true}]}}