{"id":31854,"date":"2021-12-06T16:55:40","date_gmt":"2021-12-06T15:55:40","guid":{"rendered":"https:\/\/hist-geol-unil.ch\/?page_id=31854"},"modified":"2021-12-08T17:55:50","modified_gmt":"2021-12-08T16:55:50","slug":"golliez-henri","status":"publish","type":"page","link":"https:\/\/hist-geol-unil.ch\/en\/personnes\/golliez-henri\/","title":{"rendered":"Golliez Henri"},"content":{"rendered":"<div data-elementor-type=\"wp-page\" data-elementor-id=\"31854\" class=\"elementor elementor-31854\">\n\t\t\t\t\t\t<section class=\"elementor-section elementor-top-section elementor-element elementor-element-bbd6e91 elementor-section-boxed elementor-section-height-default elementor-section-height-default\" data-id=\"bbd6e91\" data-element_type=\"section\" data-e-type=\"section\">\n\t\t\t\t\t\t<div class=\"elementor-container elementor-column-gap-default\">\n\t\t\t\t\t<div class=\"elementor-column elementor-col-100 elementor-top-column elementor-element elementor-element-4ee23d4\" data-id=\"4ee23d4\" data-element_type=\"column\" data-e-type=\"column\">\n\t\t\t<div class=\"elementor-widget-wrap elementor-element-populated\">\n\t\t\t\t\t\t<div class=\"elementor-element elementor-element-41e541d elementor-widget elementor-widget-image\" data-id=\"41e541d\" data-element_type=\"widget\" data-e-type=\"widget\" data-widget_type=\"image.default\">\n\t\t\t\t<div class=\"elementor-widget-container\">\n\t\t\t\t\t\t\t\t\t\t\t\t\t\t\t<img fetchpriority=\"high\" decoding=\"async\" width=\"236\" height=\"300\" src=\"https:\/\/hist-geol-unil.ch\/wp-content\/uploads\/2021\/10\/Henri-Golliez-professeur-236x300.jpg\" class=\"attachment-medium size-medium wp-image-30803\" alt=\"\" srcset=\"https:\/\/hist-geol-unil.ch\/wp-content\/uploads\/2021\/10\/Henri-Golliez-professeur-236x300.jpg 236w, https:\/\/hist-geol-unil.ch\/wp-content\/uploads\/2021\/10\/Henri-Golliez-professeur-806x1024.jpg 806w, https:\/\/hist-geol-unil.ch\/wp-content\/uploads\/2021\/10\/Henri-Golliez-professeur-768x975.jpg 768w, https:\/\/hist-geol-unil.ch\/wp-content\/uploads\/2021\/10\/Henri-Golliez-professeur.jpg 833w\" sizes=\"(max-width: 236px) 100vw, 236px\" \/>\t\t\t\t\t\t\t\t\t\t\t\t\t\t\t<\/div>\n\t\t\t\t<\/div>\n\t\t\t\t<div class=\"elementor-element elementor-element-3a18b00 elementor-widget elementor-widget-heading\" data-id=\"3a18b00\" data-element_type=\"widget\" data-e-type=\"widget\" data-widget_type=\"heading.default\">\n\t\t\t\t<div class=\"elementor-widget-container\">\n\t\t\t\t\t<h2 class=\"elementor-heading-title elementor-size-default\">Biographical data<\/h2>\t\t\t\t<\/div>\n\t\t\t\t<\/div>\n\t\t\t\t<div class=\"elementor-element elementor-element-4828e2f elementor-widget elementor-widget-text-editor\" data-id=\"4828e2f\" data-element_type=\"widget\" data-e-type=\"widget\" data-widget_type=\"text-editor.default\">\n\t\t\t\t<div class=\"elementor-widget-container\">\n\t\t\t\t\t\t\t\t\t<p>Name: Golliez<br \/>First Name: Henri (-Louis) <br \/>Birth: 09.12.1861 in Lutry <br \/>Death: 28.10.1913 in Bern <br \/>Place of birth: Lutry (VD) <br \/>Nationality: Swiss <br \/>Occupation: Prof. UniL (1890-1907) <br \/>Higher diploma: EPFZ Switzerland (1882)<\/p><p><em><span style=\"font-size: 10pt;\">Source: Database of Swiss Elites | Golliez, Henri-Louis (1861 - 1913)<\/span><\/em><\/p>\t\t\t\t\t\t\t\t<\/div>\n\t\t\t\t<\/div>\n\t\t\t\t<div class=\"elementor-element elementor-element-e5a8138 elementor-widget elementor-widget-heading\" data-id=\"e5a8138\" data-element_type=\"widget\" data-e-type=\"widget\" data-widget_type=\"heading.default\">\n\t\t\t\t<div class=\"elementor-widget-container\">\n\t\t\t\t\t<h2 class=\"elementor-heading-title elementor-size-default\">Documentation<\/h2>\t\t\t\t<\/div>\n\t\t\t\t<\/div>\n\t\t\t\t<div class=\"elementor-element elementor-element-dfd4da2 elementor-widget elementor-widget-text-editor\" data-id=\"dfd4da2\" data-element_type=\"widget\" data-e-type=\"widget\" data-widget_type=\"text-editor.default\">\n\t\t\t\t<div class=\"elementor-widget-container\">\n\t\t\t\t\t\t\t\t\t<ul><li><a href=\"https:\/\/hist-geol-unil.ch\/wp-content\/uploads\/2021\/12\/Base-de-donne\u0301es-des-e\u0301lites-suisses-Golliez-Henri-Louis-1861-1913.pdf\" target=\"_blank\" rel=\"noopener\">Database of Swiss elites, Golliez, Henri-Louis (1861 - 1913).<\/a><\/li><li><a href=\"https:\/\/hist-geol-unil.ch\/wp-content\/uploads\/2021\/12\/couverture-Bertrand_Golliez-copie.pdf\" target=\"_blank\" rel=\"noopener\">Cover of \"Les cha\u00eenes Septentironnales des Alpes Bernoises\" Bertrand &amp; Golliez, 1897.<\/a><\/li><li><a href=\"https:\/\/hist-geol-unil.ch\/wp-content\/uploads\/2021\/12\/GOLLIEZ-1887.pdf\" target=\"_blank\" rel=\"noopener\">GOLLIEZ, 1887, Science.<\/a><\/li><li><a href=\"https:\/\/hist-geol-unil.ch\/wp-content\/uploads\/2021\/12\/Golliez-GDL_29-10-1913.pdf\" target=\"_blank\" rel=\"noopener\">Obituary GDL, 29-10-1913.<\/a><\/li><li><a href=\"https:\/\/hist-geol-unil.ch\/wp-content\/uploads\/2021\/12\/Golliez-liste-publications-1879-1896.pdf\" target=\"_blank\" rel=\"noopener\">List of publications 1879-1896<\/a><\/li><li><a href=\"https:\/\/hist-geol-unil.ch\/wp-content\/uploads\/2021\/12\/Golliez.pdf\" target=\"_blank\" rel=\"noopener\">Obituary, Author Unknown.<\/a><\/li><li><a href=\"https:\/\/www.swissinfo.ch\/fre\/societe\/le-projet-de-train-fant%C3%B4me-hante-toujours-le-cervin\/29452760\" target=\"_blank\" rel=\"noopener\">The ghost train project that still haunts the Matterhorn, Swiss Info.<\/a><\/li><li><a href=\"https:\/\/hist-geol-unil.ch\/wp-content\/uploads\/2021\/12\/Nekrologie_Golliez_Henri.pdf\" target=\"_blank\" rel=\"noopener\">Nekrologie, Schweizerische Bauzeitung, Golliez Henri.<\/a><\/li><li><a href=\"https:\/\/hist-geol-unil.ch\/wp-content\/uploads\/2021\/12\/Obse\u0300ques-Henri-Golliez-1913.pdf\" target=\"_blank\" rel=\"noopener\">Funeral of Henri Golliez, 1913<\/a><\/li><li><a href=\"https:\/\/hist-geol-unil.ch\/wp-content\/uploads\/2021\/12\/Pages-de-Cellula_Geologica-2.pdf\" target=\"_blank\" rel=\"noopener\">Pages of the \"Cellula Geologica\", Golliez<\/a><\/li><\/ul>\t\t\t\t\t\t\t\t<\/div>\n\t\t\t\t<\/div>\n\t\t\t\t<div class=\"elementor-element elementor-element-436dc16 elementor-widget elementor-widget-heading\" data-id=\"436dc16\" data-element_type=\"widget\" data-e-type=\"widget\" data-widget_type=\"heading.default\">\n\t\t\t\t<div class=\"elementor-widget-container\">\n\t\t\t\t\t<h2 class=\"elementor-heading-title elementor-size-default\">Publications<\/h2>\t\t\t\t<\/div>\n\t\t\t\t<\/div>\n\t\t\t\t\t<\/div>\n\t\t<\/div>\n\t\t\t\t\t<\/div>\n\t\t<\/section>\n\t\t\t\t<section class=\"elementor-section elementor-top-section elementor-element elementor-element-894f679 elementor-section-boxed elementor-section-height-default elementor-section-height-default\" data-id=\"894f679\" data-element_type=\"section\" data-e-type=\"section\">\n\t\t\t\t\t\t<div class=\"elementor-container elementor-column-gap-default\">\n\t\t\t\t\t<div class=\"elementor-column elementor-col-100 elementor-top-column elementor-element elementor-element-3025010\" data-id=\"3025010\" data-element_type=\"column\" data-e-type=\"column\">\n\t\t\t<div class=\"elementor-widget-wrap elementor-element-populated\">\n\t\t\t\t\t\t<div class=\"elementor-element elementor-element-21f92d3 elementor-widget elementor-widget-text-editor\" data-id=\"21f92d3\" data-element_type=\"widget\" data-e-type=\"widget\" data-widget_type=\"text-editor.default\">\n\t\t\t\t<div class=\"elementor-widget-container\">\n\t\t\t\t\t\t\t\t\t<ul><li>Note on a flight of butterflies (Vanessa cardui), Bull. S. V. S. N., XVI, 5:37, 1879.<\/li><li>L'eboulement d'Elm et ses travaux de protection, Journal de Gen\u00e8ve, 2 articles, December 1881.<\/li><li>Note on the largest erratic boulder in the Vaud Jura, Bull.. S. V. S. N. XXIV, p. XXXIII, 1883.<\/li><li>Les \u00e9boulements de montagne en Suisse, Biblioth\u00e8que Populaire de la Suisse Romande, February, p. 200, March, 179, 1883.<\/li><li>Water vapor in the air. - Snow and avalanches, Biblioth\u00e8que Populaire de la Suisse Romande, September, 205, October, 198, 1883.<\/li><li>Note on the Cosmic dust of Krakatoa in the snow dust of the Jura , Bull. S. V. S. N., XX, p. XXXlI, 1884 .<\/li><li>L'\u00e9volution du r\u00e8gne v\u00e9g\u00e9tal par les fossiles, Revue de Gen\u00e8ve, 2 articles, 1884.<\/li><li>Tumulus of the Iron Age, But.L. S. V. S. N., XXI, p. XXXIV, 1886.<\/li><li>Note sur les fossiles valangiens du Collas pr\u00e8s Sainte-Croix, Arch. Gen., XVI, p. 247, 1886.<\/li><li>Anticipated perception of rockfalls by animals, Bull. S. V. S. N., XXIII, p. XVIII.<\/li><li>Scientific talks in the Sower, p. 18, 122, 187. 345, 380, 491, 1888.<\/li><li>Note on a new cistude, Bull. S. V. S. N., XXIV, p. XXV, 1889.<\/li><li>The middle cretaceous terrains of the Joux valley, Bull. S. V. S. N., XXIV, p. XXV, 1889.<\/li><li>Scientific talks in the Sower p.164,134, 1889.<\/li><li>Note sur quelques ch\u00e9loniens nouveaux de la molasse Langhienne de Lausanne, M\u00c9MOIRES DE LA SOCI\u00c9T\u00c9 PAL\u00c9ONTOLOGIQUE SUISSE, XVI, with 15 pl. , 1889.<\/li><li>The Rochettaz landslide, Bull. S. V. S. N., XXV, p. IV, 1890.<\/li><li>The erratic magnetite of Mont-la-Ville, Bull. S. V. S. N., XXV, p. VII, 1890.<\/li><li>Turtles of the Langhian of Borde, Bull. S. V. S. N., XXV, p. XXX, 1890.<\/li><li>Opening lecture of the course on technical geology: Geology and its applications to the art of engineering. Recueil des discours acad\u00e9miques, p. 315, 1890.<\/li><li>Opening lesson of the mineralogy course. Same collection, p. 347.<\/li><li>The Congress of 1894. Proceedings of the International Geological Congress, 5th session, Washington, D.C., Government lmp., p. 84, 1891.<\/li><li>Sketch of Clilffsdwellings in Walnut Canyon, loc, cit. , p. 475, 1891.<\/li><li>Panorama from Mount Washburne, loc. cit, p. 359, 1891.<\/li><li>Whirlpool in Niagara River, loc. cit , p. 458, 1891.<\/li><li>The Wasltington Geological Congress, Bull. S. V. S. N., XXVIII, p. XV, 1892.<\/li><li>Geological field trip to Yellowstonepark, Bull. S. V. S. N., XXVIII, p. XV, 1892.<\/li><li>Rocks of the crystalline points of the Flysch, Bull. S. V. S. N., XXVIII, p. XXX, 1892.<\/li><li>La magn\u00e9tite erratique de Mont-la- Ville. Contribution \u00e0 l'\u00e9tude de la r\u00e9partition des mat\u00e9riaux morainiques du glacier du Rh\u00f4ne, Rec. Inaug. de l'Universit\u00e9 de Lausanne, p. 455, 1892.<\/li><li>Compte-rendu d'un voyage dans I'Am\u00e9rique du Nord (in collaboration with M. Schmidt), Eclogae Geologicae, III, p. 247, 1892.<\/li><li>The Yellowstone-River National Park in the United States, The New Review, June, p. 256, 1892.<\/li><li>Presentation of a new profile of the Simplon massif, Act. soc. Helv. p. 58, 1893; Arch. Gen. p. 485, 1893.<\/li><li>Compte-rendu de l'excursion de la Soci\u00e9t\u00e9 g\u00e9ologique dans le Chablais, Eclogae Geologicae, IV, p.88, 1893 .<\/li><li>Note on the ancient pre-Carboniferous folds of the first Alpine zone and on a Paleozoic pudding of this zone, Eclogae Geologicae, IV, p. 106, :1893.<\/li><li>Machine for sawing and polishing minerals and rocks, Eclogae Geologicae, IV, p, 128, 1893.<\/li><li>Coloration of the water of the underground course of the Orbe spring (in collaboration with M. Forel), Bull. S. V. S. N., XXIX, p. XV, 1893.<\/li><li>Glacial polishes of the City molasse, Bull. S. V. S. N., XXIX, p. XVI, 1893.<\/li><li>Note on the limestones of the Bernese High Alps, Bull. S. V. S. N., XXX, p. II, 1894.<\/li><li>The crystalline basement of the Dent de Morcles, Bull. S. V. S. N., XXX, p. V, 1894.<\/li><li>Coloration of the underground waters of the Vauclusian source of the Orbe (in collaboration with M. Forel), Bull. S. V. S. N., XXX, p. XIV, XVII, XXXVIII, 1894.<\/li><li>Geological journey in the Swiss Jura, Perte du Rh\u00f4ne, to the Hohentwyl in zigzag. Geological guide booklet in the Jura and the Alps (in collaboration with M. Renevier), Payot, publisher, p. 65, 1894.<\/li><li>Geological journey through the central and western Alps, from Zurich to Lugano. Geological guide booklet in the Jura and the Alps (in collaboration with M. Renevier), Payot, publisher, p. 197, 1894.<\/li><li>Jungfrau Railway. -Summary of the geological studies and the resulting conditions, with a map and 7 plates, Z\u00fcrcher and Furrer, Zurich, 1896.<\/li><li>Le Congr\u00e8s g\u00e9ologique international de 1894, Historique et proc\u00e8sbaux, Lausanne, imp. Bridel et Cte.<\/li><li>Die geologischen Verh\u00e4ltnisse der Jungfraubahn. Die Schweizerbahnen-Organ fur Eisenbahnwesen Zurich, N\u00b0 12, 1896.<\/li><li>Report on the quality of the rocks of the careers of St-Triphon, Aigle, imp. Dulex, 1896.<\/li><\/ul>\t\t\t\t\t\t\t\t<\/div>\n\t\t\t\t<\/div>\n\t\t\t\t\t<\/div>\n\t\t<\/div>\n\t\t\t\t\t<\/div>\n\t\t<\/section>\n\t\t\t\t<\/div>","protected":false},"excerpt":{"rendered":"<p>Biographical data Surname: GolliezFirst name: Henri (-Louis) Birth: ... <\/p>","protected":false},"author":3,"featured_media":0,"parent":28882,"menu_order":9,"comment_status":"closed","ping_status":"closed","template":"","meta":{"ngg_post_thumbnail":0,"footnotes":""},"class_list":["post-31854","page","type-page","status-publish","hentry"],"_links":{"self":[{"href":"https:\/\/hist-geol-unil.ch\/en\/wp-json\/wp\/v2\/pages\/31854","targetHints":{"allow":["GET"]}}],"collection":[{"href":"https:\/\/hist-geol-unil.ch\/en\/wp-json\/wp\/v2\/pages"}],"about":[{"href":"https:\/\/hist-geol-unil.ch\/en\/wp-json\/wp\/v2\/types\/page"}],"author":[{"embeddable":true,"href":"https:\/\/hist-geol-unil.ch\/en\/wp-json\/wp\/v2\/users\/3"}],"replies":[{"embeddable":true,"href":"https:\/\/hist-geol-unil.ch\/en\/wp-json\/wp\/v2\/comments?post=31854"}],"version-history":[{"count":48,"href":"https:\/\/hist-geol-unil.ch\/en\/wp-json\/wp\/v2\/pages\/31854\/revisions"}],"predecessor-version":[{"id":31968,"href":"https:\/\/hist-geol-unil.ch\/en\/wp-json\/wp\/v2\/pages\/31854\/revisions\/31968"}],"up":[{"embeddable":true,"href":"https:\/\/hist-geol-unil.ch\/en\/wp-json\/wp\/v2\/pages\/28882"}],"wp:attachment":[{"href":"https:\/\/hist-geol-unil.ch\/en\/wp-json\/wp\/v2\/media?parent=31854"}],"curies":[{"name":"wp","href":"https:\/\/api.w.org\/{rel}","templated":true}]}}