{"id":31989,"date":"2022-01-14T14:56:40","date_gmt":"2022-01-14T13:56:40","guid":{"rendered":"https:\/\/hist-geol-unil.ch\/?page_id=31989"},"modified":"2022-02-21T14:43:13","modified_gmt":"2022-02-21T13:43:13","slug":"jean-de-charpentier","status":"publish","type":"page","link":"https:\/\/hist-geol-unil.ch\/en\/personnes\/jean-de-charpentier\/","title":{"rendered":"of Charpentier Jean"},"content":{"rendered":"<div data-elementor-type=\"wp-page\" data-elementor-id=\"31989\" class=\"elementor elementor-31989\">\n\t\t\t\t\t\t<section class=\"elementor-section elementor-top-section elementor-element elementor-element-ccf8fc8 elementor-section-boxed elementor-section-height-default elementor-section-height-default\" data-id=\"ccf8fc8\" data-element_type=\"section\" data-e-type=\"section\">\n\t\t\t\t\t\t<div class=\"elementor-container elementor-column-gap-default\">\n\t\t\t\t\t<div class=\"elementor-column elementor-col-100 elementor-top-column elementor-element elementor-element-897c593\" data-id=\"897c593\" data-element_type=\"column\" data-e-type=\"column\">\n\t\t\t<div class=\"elementor-widget-wrap elementor-element-populated\">\n\t\t\t\t\t\t<div class=\"elementor-element elementor-element-73c703c elementor-widget elementor-widget-image\" data-id=\"73c703c\" data-element_type=\"widget\" data-e-type=\"widget\" data-widget_type=\"image.default\">\n\t\t\t\t<div class=\"elementor-widget-container\">\n\t\t\t\t\t\t\t\t\t\t\t\t\t\t\t<img fetchpriority=\"high\" decoding=\"async\" width=\"242\" height=\"300\" src=\"https:\/\/hist-geol-unil.ch\/wp-content\/uploads\/2022\/02\/Jean-de-Charpentier-242x300.jpeg\" class=\"attachment-medium size-medium wp-image-32652\" alt=\"\" srcset=\"https:\/\/hist-geol-unil.ch\/wp-content\/uploads\/2022\/02\/Jean-de-Charpentier-242x300.jpeg 242w, https:\/\/hist-geol-unil.ch\/wp-content\/uploads\/2022\/02\/Jean-de-Charpentier-10x12.jpeg 10w, https:\/\/hist-geol-unil.ch\/wp-content\/uploads\/2022\/02\/Jean-de-Charpentier-19x24.jpeg 19w, https:\/\/hist-geol-unil.ch\/wp-content\/uploads\/2022\/02\/Jean-de-Charpentier-29x36.jpeg 29w, https:\/\/hist-geol-unil.ch\/wp-content\/uploads\/2022\/02\/Jean-de-Charpentier-39x48.jpeg 39w, https:\/\/hist-geol-unil.ch\/wp-content\/uploads\/2022\/02\/Jean-de-Charpentier.jpeg 450w\" sizes=\"(max-width: 242px) 100vw, 242px\" \/>\t\t\t\t\t\t\t\t\t\t\t\t\t\t\t<\/div>\n\t\t\t\t<\/div>\n\t\t\t\t<div class=\"elementor-element elementor-element-096e409 elementor-widget elementor-widget-text-editor\" data-id=\"096e409\" data-element_type=\"widget\" data-e-type=\"widget\" data-widget_type=\"text-editor.default\">\n\t\t\t\t<div class=\"elementor-widget-container\">\n\t\t\t\t\t\t\t\t\t<p style=\"text-align: center;\">Jean de Charpentier (1786-1855)<\/p><p>Director of the mines and salt works of Bex, he donated his collection of minerals and rocks to the Museum. Author of several articles dealing with geology and glaciology, he also studied the crystallography of gypsum crystals from Bex and published his observations in 1818-1819 in \"Leonhard's Taschenbuch f\u00fcr gessammte Mineralogie\" in Frankfurt.<\/p><p><span style=\"font-size: 8pt;\">Meisser N., History of the Museum<\/span><\/p><h3>Biography\u00a0<\/h3><ul><li>Biography of Jean de Charpentier by Dr. H. Lebert, 1878: <a href=\"https:\/\/hist-geol-unil.ch\/wp-content\/uploads\/2022\/02\/Lebert_1878_Biographies-de-Jean-de-Charpentier-et-dEmmanuel-Thomas-1.pdf\" target=\"_blank\" rel=\"noopener\">PDF<\/a><\/li><\/ul><p><span style=\"font-size: 8pt;\">H.LEBERT, Biographies de Jean de Charpentier et d'Emmanuel Thomas, in: Actes de la Soci\u00e9t\u00e9 Helv\u00e9tique des Sciences naturelles, compte rendu 1876-1877, Lausanne 1878. pp. 140-164.<\/span><\/p><ul><li>Speech delivered in Bex, during the annual meeting of the S. V. S. N., by E. Wilczek, 1920:\u00a0<\/li><\/ul><p><a href=\"https:\/\/www.e-periodica.ch\/digbib\/view?pid=bsv-002%3A1920%3A53%3A%3A508&amp;referrer=search#508\">https:\/\/www.e-periodica.ch\/digbib\/view?pid=bsv-002%3A1920%3A53%3A%3A508&amp;referrer=search#508<\/a><\/p><ul><li>Page of the historical dictionary of Switzerland (Biography of Marc Weidmann)<\/li><\/ul><p><a href=\"https:\/\/hls-dhs-dss.ch\/fr\/articles\/028799\/2005-07-14\/\" target=\"_blank\" rel=\"noopener\">https:\/\/hls-dhs-dss.ch\/fr\/articles\/028799\/2005-07-14\/<\/a><\/p>\t\t\t\t\t\t\t\t<\/div>\n\t\t\t\t<\/div>\n\t\t\t\t\t<\/div>\n\t\t<\/div>\n\t\t\t\t\t<\/div>\n\t\t<\/section>\n\t\t\t\t<\/div>","protected":false},"excerpt":{"rendered":"<p>Jean de Charpentier (1786-1855) Director of the Bex mines and saltworks, he donated his mineral and rock collection to the Museum. Author of several articles dealing with ... <\/p>","protected":false},"author":3,"featured_media":0,"parent":28882,"menu_order":10,"comment_status":"closed","ping_status":"closed","template":"","meta":{"ngg_post_thumbnail":0,"footnotes":""},"class_list":["post-31989","page","type-page","status-publish","hentry"],"_links":{"self":[{"href":"https:\/\/hist-geol-unil.ch\/en\/wp-json\/wp\/v2\/pages\/31989","targetHints":{"allow":["GET"]}}],"collection":[{"href":"https:\/\/hist-geol-unil.ch\/en\/wp-json\/wp\/v2\/pages"}],"about":[{"href":"https:\/\/hist-geol-unil.ch\/en\/wp-json\/wp\/v2\/types\/page"}],"author":[{"embeddable":true,"href":"https:\/\/hist-geol-unil.ch\/en\/wp-json\/wp\/v2\/users\/3"}],"replies":[{"embeddable":true,"href":"https:\/\/hist-geol-unil.ch\/en\/wp-json\/wp\/v2\/comments?post=31989"}],"version-history":[{"count":14,"href":"https:\/\/hist-geol-unil.ch\/en\/wp-json\/wp\/v2\/pages\/31989\/revisions"}],"predecessor-version":[{"id":32655,"href":"https:\/\/hist-geol-unil.ch\/en\/wp-json\/wp\/v2\/pages\/31989\/revisions\/32655"}],"up":[{"embeddable":true,"href":"https:\/\/hist-geol-unil.ch\/en\/wp-json\/wp\/v2\/pages\/28882"}],"wp:attachment":[{"href":"https:\/\/hist-geol-unil.ch\/en\/wp-json\/wp\/v2\/media?parent=31989"}],"curies":[{"name":"wp","href":"https:\/\/api.w.org\/{rel}","templated":true}]}}