{"id":31992,"date":"2022-01-14T14:58:57","date_gmt":"2022-01-14T13:58:57","guid":{"rendered":"https:\/\/hist-geol-unil.ch\/?page_id=31992"},"modified":"2022-02-23T10:41:56","modified_gmt":"2022-02-23T09:41:56","slug":"morlot-charles-adolphe","status":"publish","type":"page","link":"https:\/\/hist-geol-unil.ch\/en\/personnes\/morlot-charles-adolphe\/","title":{"rendered":"Morlot Charles Adolphe"},"content":{"rendered":"<div data-elementor-type=\"wp-page\" data-elementor-id=\"31992\" class=\"elementor elementor-31992\">\n\t\t\t\t\t\t<section class=\"elementor-section elementor-top-section elementor-element elementor-element-e77ae77 elementor-section-boxed elementor-section-height-default elementor-section-height-default\" data-id=\"e77ae77\" data-element_type=\"section\" data-e-type=\"section\">\n\t\t\t\t\t\t<div class=\"elementor-container elementor-column-gap-default\">\n\t\t\t\t\t<div class=\"elementor-column elementor-col-100 elementor-top-column elementor-element elementor-element-9ac7c7e\" data-id=\"9ac7c7e\" data-element_type=\"column\" data-e-type=\"column\">\n\t\t\t<div class=\"elementor-widget-wrap elementor-element-populated\">\n\t\t\t\t\t\t<div class=\"elementor-element elementor-element-62d7283 elementor-widget elementor-widget-image\" data-id=\"62d7283\" data-element_type=\"widget\" data-e-type=\"widget\" data-widget_type=\"image.default\">\n\t\t\t\t<div class=\"elementor-widget-container\">\n\t\t\t\t\t\t\t\t\t\t\t\t\t\t\t\t<a href=\"https:\/\/hist-geol-unil.ch\/wp-content\/uploads\/2022\/02\/06057.jpg\" data-elementor-open-lightbox=\"yes\" data-elementor-lightbox-title=\"Morlot\" data-elementor-lightbox-description=\"Photographie d&#039;Adolf von Morlot r\u00e9alis\u00e9e \u00e0 Lausanne le 7 janvier 1862 et coll\u00e9e sur un montage en carton de l&#039;atelier photographique bernois d&#039;Hermann V\u00f6llger (Mus\u00e9e d&#039;Histoire de Berne).\" data-e-action-hash=\"#elementor-action%3Aaction%3Dlightbox%26settings%3DeyJpZCI6MzI3NDYsInVybCI6Imh0dHBzOlwvXC9oaXN0LWdlb2wtdW5pbC5jaFwvd3AtY29udGVudFwvdXBsb2Fkc1wvMjAyMlwvMDJcLzA2MDU3LmpwZyJ9\">\n\t\t\t\t\t\t\t<img fetchpriority=\"high\" decoding=\"async\" width=\"652\" height=\"1000\" src=\"https:\/\/hist-geol-unil.ch\/wp-content\/uploads\/2022\/02\/06057.jpg\" class=\"attachment-medium_large size-medium_large wp-image-32746\" alt=\"\" srcset=\"https:\/\/hist-geol-unil.ch\/wp-content\/uploads\/2022\/02\/06057.jpg 652w, https:\/\/hist-geol-unil.ch\/wp-content\/uploads\/2022\/02\/06057-196x300.jpg 196w, https:\/\/hist-geol-unil.ch\/wp-content\/uploads\/2022\/02\/06057-8x12.jpg 8w, https:\/\/hist-geol-unil.ch\/wp-content\/uploads\/2022\/02\/06057-16x24.jpg 16w, https:\/\/hist-geol-unil.ch\/wp-content\/uploads\/2022\/02\/06057-23x36.jpg 23w, https:\/\/hist-geol-unil.ch\/wp-content\/uploads\/2022\/02\/06057-31x48.jpg 31w\" sizes=\"(max-width: 652px) 100vw, 652px\" \/>\t\t\t\t\t\t\t\t<\/a>\n\t\t\t\t\t\t\t\t\t\t\t\t\t\t\t<\/div>\n\t\t\t\t<\/div>\n\t\t\t\t\t<\/div>\n\t\t<\/div>\n\t\t\t\t\t<\/div>\n\t\t<\/section>\n\t\t\t\t<section class=\"elementor-section elementor-top-section elementor-element elementor-element-e27745b elementor-section-boxed elementor-section-height-default elementor-section-height-default\" data-id=\"e27745b\" data-element_type=\"section\" data-e-type=\"section\">\n\t\t\t\t\t\t<div class=\"elementor-container elementor-column-gap-default\">\n\t\t\t\t\t<div class=\"elementor-column elementor-col-100 elementor-top-column elementor-element elementor-element-08c97ba\" data-id=\"08c97ba\" data-element_type=\"column\" data-e-type=\"column\">\n\t\t\t<div class=\"elementor-widget-wrap elementor-element-populated\">\n\t\t\t\t\t\t<div class=\"elementor-element elementor-element-b74cfeb elementor-widget elementor-widget-text-editor\" data-id=\"b74cfeb\" data-element_type=\"widget\" data-e-type=\"widget\" data-widget_type=\"text-editor.default\">\n\t\t\t\t<div class=\"elementor-widget-container\">\n\t\t\t\t\t\t\t\t\t<h3>Biography<\/h3><p>Karl Adolf von Morlot was born on 22.3.1820 in Naples and died on 10.2.1867 in Bern.  He studied geology and mathematics in Bern, Paris and Freiberg from 1838 to 1846. He was a mining inspector for the Austrian state and contributed to the geological mapping of the Alps and to mineralogical research on dolomite. He was appointed professor of geology at the academy of Lausanne between 1851 and 1854 where he mainly studied the quaternary.<\/p><p>From 1855 he studied prehistory throughout northern Europe. He was also curator of the archaeological collections in Bern (1865-1867). Finally he also became interested in experimental psychology and ethnomusicology.<\/p><p><span style=\"font-size: 8pt;\">Source: Weidmann, Marc: \"Morlot, Adolphe\", in:\u00a0<i>Historical Dictionary of Switzerland (DHS)<\/i>Version of 26.01.2010. Online: https:\/\/hls-dhs-dss.ch\/fr\/articles\/028888\/2010-01-26\/, accessed on 23.02.2022.<\/span><\/p><p>List of publications: <a href=\"https:\/\/hist-geol-unil.ch\/wp-content\/uploads\/2022\/02\/DE-MORLOT-1851.pdf\">PDF<\/a><\/p><h3>The discoveries of Lake Geneva<\/h3><p><img decoding=\"async\" class=\"wp-image-32723 size-large aligncenter\" src=\"https:\/\/hist-geol-unil.ch\/wp-content\/uploads\/2022\/02\/Morlot1-1024x682.png\" alt=\"\" width=\"735\" height=\"490\" srcset=\"https:\/\/hist-geol-unil.ch\/wp-content\/uploads\/2022\/02\/Morlot1-1024x682.png 1024w, https:\/\/hist-geol-unil.ch\/wp-content\/uploads\/2022\/02\/Morlot1-300x200.png 300w, https:\/\/hist-geol-unil.ch\/wp-content\/uploads\/2022\/02\/Morlot1-768x512.png 768w, https:\/\/hist-geol-unil.ch\/wp-content\/uploads\/2022\/02\/Morlot1-1536x1023.png 1536w, https:\/\/hist-geol-unil.ch\/wp-content\/uploads\/2022\/02\/Morlot1-2048x1364.png 2048w, https:\/\/hist-geol-unil.ch\/wp-content\/uploads\/2022\/02\/Morlot1-18x12.png 18w, https:\/\/hist-geol-unil.ch\/wp-content\/uploads\/2022\/02\/Morlot1-24x16.png 24w, https:\/\/hist-geol-unil.ch\/wp-content\/uploads\/2022\/02\/Morlot1-36x24.png 36w, https:\/\/hist-geol-unil.ch\/wp-content\/uploads\/2022\/02\/Morlot1-48x32.png 48w\" sizes=\"(max-width: 735px) 100vw, 735px\" \/><\/p><ul><li><span style=\"font-size: 1rem;\">A dive into the history of research: the discovery of prehistoric coastal sites in Lake Geneva (2004):<\/span><\/li><\/ul><p><a href=\"https:\/\/www.e-periodica.ch\/cntmng?pid=ars-002%3A2004%3A27%3A%3A337\">https:\/\/www.e-periodica.ch\/cntmng?pid=ars-002%3A2004%3A27%3A%3A337<\/a><\/p><h3>Obituary<\/h3><ul><li><a href=\"https:\/\/hist-geol-unil.ch\/wp-content\/uploads\/2022\/02\/Chavannes_1867_Notice-ne\u0301crologique-sur-Ch.-Adolphe-Morlot.pdf\">Chavannes, 1867, Obituary on Ch. Adolphe Morlot<\/a><\/li><\/ul>\t\t\t\t\t\t\t\t<\/div>\n\t\t\t\t<\/div>\n\t\t\t\t\t<\/div>\n\t\t<\/div>\n\t\t\t\t\t<\/div>\n\t\t<\/section>\n\t\t\t\t<\/div>","protected":false},"excerpt":{"rendered":"<p>Biography Karl Adolf von Morlot was born on 22.3.1820 in Naples and died on 10.2.1867 in Berne.  He studied geology and mathematics in Bern, Paris and ... <\/p>","protected":false},"author":3,"featured_media":0,"parent":28882,"menu_order":0,"comment_status":"closed","ping_status":"closed","template":"","meta":{"ngg_post_thumbnail":0,"footnotes":""},"class_list":["post-31992","page","type-page","status-publish","hentry"],"_links":{"self":[{"href":"https:\/\/hist-geol-unil.ch\/en\/wp-json\/wp\/v2\/pages\/31992","targetHints":{"allow":["GET"]}}],"collection":[{"href":"https:\/\/hist-geol-unil.ch\/en\/wp-json\/wp\/v2\/pages"}],"about":[{"href":"https:\/\/hist-geol-unil.ch\/en\/wp-json\/wp\/v2\/types\/page"}],"author":[{"embeddable":true,"href":"https:\/\/hist-geol-unil.ch\/en\/wp-json\/wp\/v2\/users\/3"}],"replies":[{"embeddable":true,"href":"https:\/\/hist-geol-unil.ch\/en\/wp-json\/wp\/v2\/comments?post=31992"}],"version-history":[{"count":46,"href":"https:\/\/hist-geol-unil.ch\/en\/wp-json\/wp\/v2\/pages\/31992\/revisions"}],"predecessor-version":[{"id":32761,"href":"https:\/\/hist-geol-unil.ch\/en\/wp-json\/wp\/v2\/pages\/31992\/revisions\/32761"}],"up":[{"embeddable":true,"href":"https:\/\/hist-geol-unil.ch\/en\/wp-json\/wp\/v2\/pages\/28882"}],"wp:attachment":[{"href":"https:\/\/hist-geol-unil.ch\/en\/wp-json\/wp\/v2\/media?parent=31992"}],"curies":[{"name":"wp","href":"https:\/\/api.w.org\/{rel}","templated":true}]}}