{"id":33257,"date":"2024-04-29T13:59:48","date_gmt":"2024-04-29T11:59:48","guid":{"rendered":"https:\/\/hist-geol-unil.ch\/?page_id=33257"},"modified":"2024-11-01T14:15:01","modified_gmt":"2024-11-01T13:15:01","slug":"evenements","status":"publish","type":"page","link":"https:\/\/hist-geol-unil.ch\/en\/evenements\/","title":{"rendered":"Events"},"content":{"rendered":"<h2 class=\"wp-block-heading\">December 9, 2024<\/h2>\n\n\n\n<div class=\"wp-block-media-text is-stacked-on-mobile\"><figure class=\"wp-block-media-text__media\"><img fetchpriority=\"high\" decoding=\"async\" width=\"709\" height=\"1024\" src=\"https:\/\/hist-geol-unil.ch\/wp-content\/uploads\/2024\/11\/flyers_Recent_disasters_in_the_Alps-709x1024.png\" alt=\"\" class=\"wp-image-33306 size-full\" srcset=\"https:\/\/hist-geol-unil.ch\/wp-content\/uploads\/2024\/11\/flyers_Recent_disasters_in_the_Alps-709x1024.png 709w, https:\/\/hist-geol-unil.ch\/wp-content\/uploads\/2024\/11\/flyers_Recent_disasters_in_the_Alps-208x300.png 208w, https:\/\/hist-geol-unil.ch\/wp-content\/uploads\/2024\/11\/flyers_Recent_disasters_in_the_Alps-768x1110.png 768w, https:\/\/hist-geol-unil.ch\/wp-content\/uploads\/2024\/11\/flyers_Recent_disasters_in_the_Alps-1063x1536.png 1063w, https:\/\/hist-geol-unil.ch\/wp-content\/uploads\/2024\/11\/flyers_Recent_disasters_in_the_Alps-8x12.png 8w, https:\/\/hist-geol-unil.ch\/wp-content\/uploads\/2024\/11\/flyers_Recent_disasters_in_the_Alps-17x24.png 17w, https:\/\/hist-geol-unil.ch\/wp-content\/uploads\/2024\/11\/flyers_Recent_disasters_in_the_Alps-25x36.png 25w, https:\/\/hist-geol-unil.ch\/wp-content\/uploads\/2024\/11\/flyers_Recent_disasters_in_the_Alps-33x48.png 33w, https:\/\/hist-geol-unil.ch\/wp-content\/uploads\/2024\/11\/flyers_Recent_disasters_in_the_Alps.png 1290w\" sizes=\"(max-width: 709px) 100vw, 709px\" \/><\/figure><div class=\"wp-block-media-text__content\">\n<p>The rising threat posed by landslides and extreme precipitation events has become a critical concern in Switzerland, across the Alps, and globally. With the intensifying effects of climate change, the recurrence intervals of extreme weather events-such as heavy precipitation and increased temperatures affecting snowmelt-are shortening. These events, which were once rare occurrences happening every fifty, hundred, or even thousand years, are now transitioning into more regular phenomena. The increasing frequency of these events calls for a paradigm shift in their classification, from considering them as \"extreme\" to considering them as new \"normal\" events.<\/p>\n\n\n\n<p><a href=\"https:\/\/wp.unil.ch\/risk\/recent-disasters-in-the-alps-what-happened-what-is-being-done-and-what-can-be-done\/\" target=\"_blank\" rel=\"noreferrer noopener\">Event description<\/a><\/p>\n\n\n\n<p><a href=\"https:\/\/events.unil.ch\/register\/382\" target=\"_blank\" rel=\"noreferrer noopener\">Registration link<\/a> <\/p>\n\n\n\n<p>Zoom in: <a href=\"https:\/\/unil.zoom.us\/j\/97787207916\">https:\/\/unil.zoom.us\/j\/97787207916<\/a><\/p>\n<\/div><\/div>\n\n\n\n<h2 class=\"wp-block-heading\">May 24, 2024<\/h2>\n\n\n\n<div class=\"wp-block-media-text is-stacked-on-mobile is-vertically-aligned-center\"><figure class=\"wp-block-media-text__media\"><img decoding=\"async\" width=\"1024\" height=\"763\" src=\"https:\/\/hist-geol-unil.ch\/wp-content\/uploads\/2021\/10\/1887-Vue-des-facades-nord-et-ouest-de-la-maison-Gaudard-1024x763.jpg\" alt=\"\" class=\"wp-image-30759 size-full\" srcset=\"https:\/\/hist-geol-unil.ch\/wp-content\/uploads\/2021\/10\/1887-Vue-des-facades-nord-et-ouest-de-la-maison-Gaudard-1024x763.jpg 1024w, https:\/\/hist-geol-unil.ch\/wp-content\/uploads\/2021\/10\/1887-Vue-des-facades-nord-et-ouest-de-la-maison-Gaudard-300x224.jpg 300w, https:\/\/hist-geol-unil.ch\/wp-content\/uploads\/2021\/10\/1887-Vue-des-facades-nord-et-ouest-de-la-maison-Gaudard-768x572.jpg 768w, https:\/\/hist-geol-unil.ch\/wp-content\/uploads\/2021\/10\/1887-Vue-des-facades-nord-et-ouest-de-la-maison-Gaudard-1536x1144.jpg 1536w, https:\/\/hist-geol-unil.ch\/wp-content\/uploads\/2021\/10\/1887-Vue-des-facades-nord-et-ouest-de-la-maison-Gaudard-2048x1526.jpg 2048w\" sizes=\"(max-width: 1024px) 100vw, 1024px\" \/><\/figure><div class=\"wp-block-media-text__content\">\n<p>Visit the <a href=\"https:\/\/hist-geol-unil.ch\/en\/divers\/batiments\/la-maison-gaudard\/\">Gaudard House<\/a>A lecture by Dr. Aymon Baud (former director of the Mus\u00e9e Cantonal de G\u00e9ologie) on the creation of the Mus\u00e9e Cantonal de G\u00e9ologie 150 years ago in this building, and its development on these premises before the Palais de Rumine, will take place on Friday May 24th at 5:00 pm.<\/p>\n<\/div><\/div>","protected":false},"excerpt":{"rendered":"<p>December 9, 2024 The rising threat posed by landslides and extreme precipitation events has become a critical concern in Switzerland, across the Alps, and globally. With the intensifying effects of ... <\/p>","protected":false},"author":2,"featured_media":0,"parent":0,"menu_order":0,"comment_status":"closed","ping_status":"closed","template":"","meta":{"ngg_post_thumbnail":0,"footnotes":""},"class_list":["post-33257","page","type-page","status-publish","hentry"],"_links":{"self":[{"href":"https:\/\/hist-geol-unil.ch\/en\/wp-json\/wp\/v2\/pages\/33257","targetHints":{"allow":["GET"]}}],"collection":[{"href":"https:\/\/hist-geol-unil.ch\/en\/wp-json\/wp\/v2\/pages"}],"about":[{"href":"https:\/\/hist-geol-unil.ch\/en\/wp-json\/wp\/v2\/types\/page"}],"author":[{"embeddable":true,"href":"https:\/\/hist-geol-unil.ch\/en\/wp-json\/wp\/v2\/users\/2"}],"replies":[{"embeddable":true,"href":"https:\/\/hist-geol-unil.ch\/en\/wp-json\/wp\/v2\/comments?post=33257"}],"version-history":[{"count":4,"href":"https:\/\/hist-geol-unil.ch\/en\/wp-json\/wp\/v2\/pages\/33257\/revisions"}],"predecessor-version":[{"id":33307,"href":"https:\/\/hist-geol-unil.ch\/en\/wp-json\/wp\/v2\/pages\/33257\/revisions\/33307"}],"wp:attachment":[{"href":"https:\/\/hist-geol-unil.ch\/en\/wp-json\/wp\/v2\/media?parent=33257"}],"curies":[{"name":"wp","href":"https:\/\/api.w.org\/{rel}","templated":true}]}}